{"id":13840,"date":"2017-05-01T21:02:58","date_gmt":"2017-05-01T19:02:58","guid":{"rendered":"http:\/\/lesfousgerent.fr\/?page_id=13840"},"modified":"2023-04-25T19:56:25","modified_gmt":"2023-04-25T17:56:25","slug":"expositions","status":"publish","type":"page","link":"https:\/\/lesfousgerent.fr\/index.php\/expositions\/","title":{"rendered":"Expositions"},"content":{"rendered":"<h3><strong>Un savoir-faire maison<\/strong><\/h3>\n<p><strong>Con\u00e7ues et fabriqu\u00e9es par nos soins lors de <\/strong><strong><a href=\"http:\/\/lesfousgerent.fr\/index.php\/nos-ateliers\/\" target=\"_blank\" rel=\"noopener noreferrer\">nos ateliers<\/a><\/strong>, deux belles expositions ont \u00e9t\u00e9 pr\u00e9sent\u00e9es au public lors de Riches Heures 2013 et 2015.<\/p>\n<p>Visibles dans les vitrines des commerces de la Haute-Ville de Foug\u00e8res ou \u00e0 l&rsquo;Office de Tourisme, ces expositions sont devenues itin\u00e9rantes.<\/p>\n<p>Les organisateurs de la f\u00eate m\u00e9di\u00e9vale de La Bou\u00ebxi\u00e8re (2016) ont \u00e9galement souhait\u00e9 b\u00e9n\u00e9ficier de notre tr\u00e8s jolie exposition de robes unique en Bretagne.<\/p>\n<p>Si vous aussi, vous voulez agr\u00e9menter <strong>votre manoir, votre office de tourisme<\/strong>, votre \u00e9v\u00e9nement de nos expositions, contactez-nous.<\/p>\n<p>Robes du Moyen-\u00c2ge<\/p>\n<p>Maquettes<\/p>\n<p>Actualit\u00e9 des \u00e9v\u00e9nements<\/p>\n","protected":false},"excerpt":{"rendered":"<p>Un savoir-faire maison Con\u00e7ues et fabriqu\u00e9es par nos soins lors de nos ateliers, deux belles expositions ont \u00e9t\u00e9 pr\u00e9sent\u00e9es au public lors de Riches Heures 2013 et 2015. Visibles dans les vitrines des commerces de la Haute-Ville de Foug\u00e8res ou \u00e0 l&rsquo;Office de Tourisme, ces expositions sont devenues itin\u00e9rantes. Les organisateurs de la f\u00eate m\u00e9di\u00e9vale [&hellip;]<\/p>\n","protected":false},"author":1,"featured_media":0,"parent":0,"menu_order":0,"comment_status":"closed","ping_status":"closed","template":"","meta":{"footnotes":""},"class_list":["post-13840","page","type-page","status-publish","hentry"],"jetpack_sharing_enabled":true,"_links":{"self":[{"href":"https:\/\/lesfousgerent.fr\/index.php\/wp-json\/wp\/v2\/pages\/13840","targetHints":{"allow":["GET"]}}],"collection":[{"href":"https:\/\/lesfousgerent.fr\/index.php\/wp-json\/wp\/v2\/pages"}],"about":[{"href":"https:\/\/lesfousgerent.fr\/index.php\/wp-json\/wp\/v2\/types\/page"}],"author":[{"embeddable":true,"href":"https:\/\/lesfousgerent.fr\/index.php\/wp-json\/wp\/v2\/users\/1"}],"replies":[{"embeddable":true,"href":"https:\/\/lesfousgerent.fr\/index.php\/wp-json\/wp\/v2\/comments?post=13840"}],"version-history":[{"count":2,"href":"https:\/\/lesfousgerent.fr\/index.php\/wp-json\/wp\/v2\/pages\/13840\/revisions"}],"predecessor-version":[{"id":14474,"href":"https:\/\/lesfousgerent.fr\/index.php\/wp-json\/wp\/v2\/pages\/13840\/revisions\/14474"}],"wp:attachment":[{"href":"https:\/\/lesfousgerent.fr\/index.php\/wp-json\/wp\/v2\/media?parent=13840"}],"curies":[{"name":"wp","href":"https:\/\/api.w.org\/{rel}","templated":true}]}}