{"id":13833,"date":"2017-05-01T22:08:02","date_gmt":"2017-05-01T21:08:02","guid":{"rendered":"http:\/\/lesfousgerent.fr\/?page_id=13833"},"modified":"2023-04-25T19:55:34","modified_gmt":"2023-04-25T17:55:34","slug":"banquets","status":"publish","type":"page","link":"https:\/\/lesfousgerent.fr\/index.php\/banquets\/","title":{"rendered":"Banquets"},"content":{"rendered":"<h3><strong>Convivialit\u00e9 \u00e9pic\u00e9e<br \/>\n<\/strong><\/h3>\n<p>Un bon repas ! <strong>Rien ne se passe chez Les Fous G\u00e8rent sans un bon repas<\/strong>. Ce principe de base nous a amen\u00e9 maintes fois \u00e0 r\u00e9aliser des banquets \u00e0 Foug\u00e8res et ailleurs.<\/p>\n<p>Si bien que depuis 2014, en partenariat avec la ville de Foug\u00e8res, nous organisons les <strong>banquets au ch\u00e2teau chaque \u00e9t\u00e9<\/strong> (un soir en juillet, un autre en ao\u00fbt).<\/p>\n<p><strong>Venez passer une soir\u00e9e inoubliable<\/strong> en famille ou entre amis, avec vos coll\u00e8gues ou votre comit\u00e9 de jumelage.<\/p>\n<p>Une grande tabl\u00e9e est install\u00e9e dans le logis. L&rsquo;ap\u00e9ritif et les animations se succ\u00e8dent pour faire de vous des convives combl\u00e9s, heureux et surpris de <strong>d\u00e9couvrir ce Moyen-\u00c2ge si riche en activit\u00e9s, coutumes et go\u00fbts vari\u00e9s.<\/strong><\/p>\n<p>Actualit\u00e9 des \u00e9v\u00e9nements<\/p>\n","protected":false},"excerpt":{"rendered":"<p>Convivialit\u00e9 \u00e9pic\u00e9e Un bon repas ! Rien ne se passe chez Les Fous G\u00e8rent sans un bon repas. Ce principe de base nous a amen\u00e9 maintes fois \u00e0 r\u00e9aliser des banquets \u00e0 Foug\u00e8res et ailleurs. Si bien que depuis 2014, en partenariat avec la ville de Foug\u00e8res, nous organisons les banquets au ch\u00e2teau chaque \u00e9t\u00e9 [&hellip;]<\/p>\n","protected":false},"author":1,"featured_media":13568,"parent":0,"menu_order":0,"comment_status":"closed","ping_status":"closed","template":"","meta":{"footnotes":""},"class_list":["post-13833","page","type-page","status-publish","has-post-thumbnail","hentry"],"jetpack_sharing_enabled":true,"_links":{"self":[{"href":"https:\/\/lesfousgerent.fr\/index.php\/wp-json\/wp\/v2\/pages\/13833","targetHints":{"allow":["GET"]}}],"collection":[{"href":"https:\/\/lesfousgerent.fr\/index.php\/wp-json\/wp\/v2\/pages"}],"about":[{"href":"https:\/\/lesfousgerent.fr\/index.php\/wp-json\/wp\/v2\/types\/page"}],"author":[{"embeddable":true,"href":"https:\/\/lesfousgerent.fr\/index.php\/wp-json\/wp\/v2\/users\/1"}],"replies":[{"embeddable":true,"href":"https:\/\/lesfousgerent.fr\/index.php\/wp-json\/wp\/v2\/comments?post=13833"}],"version-history":[{"count":1,"href":"https:\/\/lesfousgerent.fr\/index.php\/wp-json\/wp\/v2\/pages\/13833\/revisions"}],"predecessor-version":[{"id":14473,"href":"https:\/\/lesfousgerent.fr\/index.php\/wp-json\/wp\/v2\/pages\/13833\/revisions\/14473"}],"wp:featuredmedia":[{"embeddable":true,"href":"https:\/\/lesfousgerent.fr\/index.php\/wp-json\/"}],"wp:attachment":[{"href":"https:\/\/lesfousgerent.fr\/index.php\/wp-json\/wp\/v2\/media?parent=13833"}],"curies":[{"name":"wp","href":"https:\/\/api.w.org\/{rel}","templated":true}]}}