{"id":13650,"date":"2017-04-18T19:02:34","date_gmt":"2017-04-18T18:02:34","guid":{"rendered":"http:\/\/lesfousgerent.fr\/?page_id=13650"},"modified":"2024-11-14T14:24:47","modified_gmt":"2024-11-14T13:24:47","slug":"fetes-medievales-du-grand-ouest","status":"publish","type":"page","link":"https:\/\/lesfousgerent.fr\/index.php\/fetes-medievales-du-grand-ouest\/","title":{"rendered":"F\u00eates m\u00e9di\u00e9vales du Grand-Ouest"},"content":{"rendered":"<p><strong>Depuis 2006<\/strong>, nous avons la chance de participer aux <strong>rassemblements de reconstitutions historiques<\/strong> du Grand Ouest.<\/p>\n<p>Nos savoirs-faire et notre bonne humeur sont sollicit\u00e9s pour <strong>r\u00e9pondre aux questions du public<\/strong> toujours plus nombreux et aux animations pr\u00e9sent\u00e9es (joutes d&rsquo;archerie, m\u00eal\u00e9es des soldats, bals, concours de cuisine&#8230;).<\/p>\n<p>Chaque ann\u00e9e, nous accourons avec plaisir \u00e0 l&rsquo;appel des organisateurs de :<\/p>\n<ul>\n<li>La Bou\u00ebxi\u00e8re (35)<\/li>\n<li>Combourg (35)<\/li>\n<li>Blain (44)<\/li>\n<li>Commequiers (44)<\/li>\n<li>Le Pellerin (44)<\/li>\n<li>Machecoul (44)<\/li>\n<li>Pouanc\u00e9 (44)<\/li>\n<li>La Ch\u00e8ze (22)<\/li>\n<li>Hennebont (56)<\/li>\n<li>Talmont-St-Hilaire (85)<\/li>\n<li>Saint-James (50)<\/li>\n<\/ul>\n<p>Gr\u00e2ce \u00e0 tous ces bons moments de partage lors de ces week-ends autour d&rsquo;un feu, les compagnies amies r\u00e9pondent pr\u00e9sent \u00e0 leur tour lorsque nous leur demandons de participer \u00e0 notre f\u00eate m\u00e9di\u00e9vale, <a href=\"http:\/\/lesfousgerent.fr\/index.php\/les-riches-heures-de-fougeres\/\" target=\"_blank\" rel=\"noopener noreferrer\">Les Riches Heures de Foug\u00e8res<\/a>.<\/p>\n<p>O\u00f9 nous rencontrer ?<\/p>\n<p>Actualit\u00e9 des animations<\/p>\n<p>Autres animations propos\u00e9es<\/p>\n","protected":false},"excerpt":{"rendered":"<p>Depuis 2006, nous avons la chance de participer aux rassemblements de reconstitutions historiques du Grand Ouest. Nos savoirs-faire et notre bonne humeur sont sollicit\u00e9s pour r\u00e9pondre aux questions du public toujours plus nombreux et aux animations pr\u00e9sent\u00e9es (joutes d&rsquo;archerie, m\u00eal\u00e9es des soldats, bals, concours de cuisine&#8230;). Chaque ann\u00e9e, nous accourons avec plaisir \u00e0 l&rsquo;appel des [&hellip;]<\/p>\n","protected":false},"author":1,"featured_media":13571,"parent":0,"menu_order":0,"comment_status":"closed","ping_status":"closed","template":"","meta":{"footnotes":""},"class_list":["post-13650","page","type-page","status-publish","has-post-thumbnail","hentry"],"jetpack_sharing_enabled":true,"_links":{"self":[{"href":"https:\/\/lesfousgerent.fr\/index.php\/wp-json\/wp\/v2\/pages\/13650","targetHints":{"allow":["GET"]}}],"collection":[{"href":"https:\/\/lesfousgerent.fr\/index.php\/wp-json\/wp\/v2\/pages"}],"about":[{"href":"https:\/\/lesfousgerent.fr\/index.php\/wp-json\/wp\/v2\/types\/page"}],"author":[{"embeddable":true,"href":"https:\/\/lesfousgerent.fr\/index.php\/wp-json\/wp\/v2\/users\/1"}],"replies":[{"embeddable":true,"href":"https:\/\/lesfousgerent.fr\/index.php\/wp-json\/wp\/v2\/comments?post=13650"}],"version-history":[{"count":2,"href":"https:\/\/lesfousgerent.fr\/index.php\/wp-json\/wp\/v2\/pages\/13650\/revisions"}],"predecessor-version":[{"id":14976,"href":"https:\/\/lesfousgerent.fr\/index.php\/wp-json\/wp\/v2\/pages\/13650\/revisions\/14976"}],"wp:featuredmedia":[{"embeddable":true,"href":"https:\/\/lesfousgerent.fr\/index.php\/wp-json\/"}],"wp:attachment":[{"href":"https:\/\/lesfousgerent.fr\/index.php\/wp-json\/wp\/v2\/media?parent=13650"}],"curies":[{"name":"wp","href":"https:\/\/api.w.org\/{rel}","templated":true}]}}