{"id":13640,"date":"2017-04-18T14:01:50","date_gmt":"2017-04-18T13:01:50","guid":{"rendered":"http:\/\/lesfousgerent.fr\/?page_id=13640"},"modified":"2023-04-25T19:18:20","modified_gmt":"2023-04-25T17:18:20","slug":"animations-touristiques","status":"publish","type":"page","link":"https:\/\/lesfousgerent.fr\/index.php\/animations-touristiques\/","title":{"rendered":"Animations touristiques"},"content":{"rendered":"<p><strong>Visites insolites<\/strong> au ch\u00e2teau de Foug\u00e8res, initiation\u00a0 \u00e0 la danse m\u00e9di\u00e9vale ou pr\u00e9paration de banquets <strong>dans les manoirs du Pays de Foug\u00e8res<\/strong>, <strong>attaque du Petit Train de Foug\u00e8res<\/strong>, autant de manifestations o\u00f9 nous intervenons \u00e0 la demande des organisateurs.<\/p>\n<p>Nous nous adaptons \u00e0 tous les publics :<\/p>\n<ul>\n<li>Enfants,<\/li>\n<li>Touristes de toutes nationalit\u00e9s sur la route du Mont-Saint-Michel,<\/li>\n<li>Visiteurs du week-end<\/li>\n<\/ul>\n<p>pour <strong>mettre en valeur votre site touristique<\/strong> et que tous en gardent en excellent souvenir vivant, original et intemporel.<\/p>\n<p>Actualit\u00e9 des animations<\/p>\n<p>Autres animations propos\u00e9es<\/p>\n","protected":false},"excerpt":{"rendered":"<p>Visites insolites au ch\u00e2teau de Foug\u00e8res, initiation\u00a0 \u00e0 la danse m\u00e9di\u00e9vale ou pr\u00e9paration de banquets dans les manoirs du Pays de Foug\u00e8res, attaque du Petit Train de Foug\u00e8res, autant de manifestations o\u00f9 nous intervenons \u00e0 la demande des organisateurs. Nous nous adaptons \u00e0 tous les publics : Enfants, Touristes de toutes nationalit\u00e9s sur la route [&hellip;]<\/p>\n","protected":false},"author":1,"featured_media":13566,"parent":0,"menu_order":0,"comment_status":"closed","ping_status":"closed","template":"","meta":{"footnotes":""},"class_list":["post-13640","page","type-page","status-publish","has-post-thumbnail","hentry"],"jetpack_sharing_enabled":true,"_links":{"self":[{"href":"https:\/\/lesfousgerent.fr\/index.php\/wp-json\/wp\/v2\/pages\/13640","targetHints":{"allow":["GET"]}}],"collection":[{"href":"https:\/\/lesfousgerent.fr\/index.php\/wp-json\/wp\/v2\/pages"}],"about":[{"href":"https:\/\/lesfousgerent.fr\/index.php\/wp-json\/wp\/v2\/types\/page"}],"author":[{"embeddable":true,"href":"https:\/\/lesfousgerent.fr\/index.php\/wp-json\/wp\/v2\/users\/1"}],"replies":[{"embeddable":true,"href":"https:\/\/lesfousgerent.fr\/index.php\/wp-json\/wp\/v2\/comments?post=13640"}],"version-history":[{"count":1,"href":"https:\/\/lesfousgerent.fr\/index.php\/wp-json\/wp\/v2\/pages\/13640\/revisions"}],"predecessor-version":[{"id":14459,"href":"https:\/\/lesfousgerent.fr\/index.php\/wp-json\/wp\/v2\/pages\/13640\/revisions\/14459"}],"wp:featuredmedia":[{"embeddable":true,"href":"https:\/\/lesfousgerent.fr\/index.php\/wp-json\/"}],"wp:attachment":[{"href":"https:\/\/lesfousgerent.fr\/index.php\/wp-json\/wp\/v2\/media?parent=13640"}],"curies":[{"name":"wp","href":"https:\/\/api.w.org\/{rel}","templated":true}]}}