{"id":13416,"date":"2017-02-24T01:39:40","date_gmt":"2017-02-24T00:39:40","guid":{"rendered":"http:\/\/lesfousgerent.fr\/?page_id=13416"},"modified":"2023-04-25T19:19:52","modified_gmt":"2023-04-25T17:19:52","slug":"archerie","status":"publish","type":"page","link":"https:\/\/lesfousgerent.fr\/index.php\/archerie\/","title":{"rendered":"Archerie"},"content":{"rendered":"<p>Gr\u00e2ce \u00e0 la passion pour cette pratique de plus en plus r\u00e9pandue parmi les Fous G\u00e8rent,\u00a0 nous sommes devenus l&rsquo;une des troupes d&rsquo;archers du Grand Ouest les plus reconnues lors des Tournoi d&rsquo;archerie des F\u00eates m\u00e9di\u00e9vales.<\/p>\n<p>Ma\u00eetre Olivier (photo ci-contre) a d&rsquo;ailleurs remport\u00e9 <a href=\"http:\/\/www.ouest-france.fr\/pays-de-la-loire\/blain-44130\/joutes-darchers-et-ambiance-medievale-au-chateau-de-blain-2863891\" target=\"_blank\" rel=\"noopener noreferrer\">la renomm\u00e9e joute d&rsquo;archers de Blain 2016<\/a>.<\/p>\n<p>Adultes comme enfants de l&rsquo;association rivalisent maintenant d&rsquo;adresse.<\/p>\n<p>L&rsquo;archerie avec les Fous G\u00e8rent, c&rsquo;est :<\/p>\n<ul>\n<li>Entrer dans l&rsquo;\u00e9quipe des Fous G\u00e8rent<\/li>\n<li>Participer aux tournois d&rsquo;archerie lors des f\u00eates m\u00e9di\u00e9vales du Grand Ouest<\/li>\n<li>Transmettre un savoir-faire et encadrer les ateliers archerie lors de nos animations au ch\u00e2teau ou ailleurs, pour les enfants ou pour tout public<\/li>\n<li>Echanger sur les techniques et les mat\u00e9riaux n\u00e9cessaires pour cette discipline exigeante, passionnante et ludique.<\/li>\n<\/ul>\n<p>Malheureusement, nous n&rsquo;avons pas de s\u00e9ances d&rsquo;entrainement r\u00e9guli\u00e8re faute de lieu \u00e0 Foug\u00e8res. Nous sommes \u00e0 la recherche d&rsquo;un lieu priv\u00e9 pour pouvoir nous entrainer \u00e0 Foug\u00e8res ou aux alentours.<\/p>\n<h2 style=\"text-align: justify;\"><span style=\"color: #000000;\">\u00a0<\/span><\/h2>\n<p>Actualit\u00e9 des Ateliers<\/p>\n<p>Autres Ateliers<\/p>\n<p>]<\/p>\n","protected":false},"excerpt":{"rendered":"<p>Gr\u00e2ce \u00e0 la passion pour cette pratique de plus en plus r\u00e9pandue parmi les Fous G\u00e8rent,\u00a0 nous sommes devenus l&rsquo;une des troupes d&rsquo;archers du Grand Ouest les plus reconnues lors des Tournoi d&rsquo;archerie des F\u00eates m\u00e9di\u00e9vales. Ma\u00eetre Olivier (photo ci-contre) a d&rsquo;ailleurs remport\u00e9 la renomm\u00e9e joute d&rsquo;archers de Blain 2016. Adultes comme enfants de l&rsquo;association [&hellip;]<\/p>\n","protected":false},"author":1,"featured_media":13546,"parent":0,"menu_order":0,"comment_status":"closed","ping_status":"closed","template":"","meta":{"footnotes":""},"class_list":["post-13416","page","type-page","status-publish","has-post-thumbnail","hentry"],"jetpack_sharing_enabled":true,"_links":{"self":[{"href":"https:\/\/lesfousgerent.fr\/index.php\/wp-json\/wp\/v2\/pages\/13416","targetHints":{"allow":["GET"]}}],"collection":[{"href":"https:\/\/lesfousgerent.fr\/index.php\/wp-json\/wp\/v2\/pages"}],"about":[{"href":"https:\/\/lesfousgerent.fr\/index.php\/wp-json\/wp\/v2\/types\/page"}],"author":[{"embeddable":true,"href":"https:\/\/lesfousgerent.fr\/index.php\/wp-json\/wp\/v2\/users\/1"}],"replies":[{"embeddable":true,"href":"https:\/\/lesfousgerent.fr\/index.php\/wp-json\/wp\/v2\/comments?post=13416"}],"version-history":[{"count":1,"href":"https:\/\/lesfousgerent.fr\/index.php\/wp-json\/wp\/v2\/pages\/13416\/revisions"}],"predecessor-version":[{"id":14460,"href":"https:\/\/lesfousgerent.fr\/index.php\/wp-json\/wp\/v2\/pages\/13416\/revisions\/14460"}],"wp:featuredmedia":[{"embeddable":true,"href":"https:\/\/lesfousgerent.fr\/index.php\/wp-json\/"}],"wp:attachment":[{"href":"https:\/\/lesfousgerent.fr\/index.php\/wp-json\/wp\/v2\/media?parent=13416"}],"curies":[{"name":"wp","href":"https:\/\/api.w.org\/{rel}","templated":true}]}}