{"id":13403,"date":"2017-02-24T01:00:46","date_gmt":"2017-02-24T00:00:46","guid":{"rendered":"http:\/\/lesfousgerent.fr\/?page_id=13403"},"modified":"2023-04-25T20:04:35","modified_gmt":"2023-04-25T18:04:35","slug":"maquettes","status":"publish","type":"page","link":"https:\/\/lesfousgerent.fr\/index.php\/maquettes\/","title":{"rendered":"Maquettes"},"content":{"rendered":"<h4>Pour les bricoleurs, les minutieux, les astucieux, adeptes du do it yourself<\/h4>\n<ul>\n<li>R\u00e9alisation de maquettes<\/li>\n<li>Ch\u00e2teau, motte f\u00e9odale, \u00e9choppe, vie quotidienne<\/li>\n<li>D\u00e9cors, personnages et accessoires<\/li>\n<li>Pour des expositions \u00e0 Foug\u00e8res (f\u00eates m\u00e9di\u00e9vales, office de tourisme, vitrine des commerces&#8230;)<\/li>\n<li>Dans nos locaux : Maison de quartier. Bvd Jacques Faucheux<\/li>\n<li><span style=\"color: #000000;\">Mardi 14h \u2013 16h<\/span><\/li>\n<\/ul>\n<p>Bravo aux \u00e9coliers qui ont particip\u00e9 au concours de maquettes pour les Riches Heures 2015.<\/p>\n<p>Contactez-nous pour accueillir notre exposition de maquettes pour animer votre site touristique ou culturel, lieu public, hall d&rsquo;entreprise,&#8230;<\/p>\n<h2 style=\"text-align: justify;\"><span style=\"color: #000000;\">\u00a0<\/span><\/h2>\n","protected":false},"excerpt":{"rendered":"<p>Pour les bricoleurs, les minutieux, les astucieux, adeptes du do it yourself R\u00e9alisation de maquettes Ch\u00e2teau, motte f\u00e9odale, \u00e9choppe, vie quotidienne D\u00e9cors, personnages et accessoires Pour des expositions \u00e0 Foug\u00e8res (f\u00eates m\u00e9di\u00e9vales, office de tourisme, vitrine des commerces&#8230;) Dans nos locaux : Maison de quartier. Bvd Jacques Faucheux Mardi 14h \u2013 16h Bravo aux \u00e9coliers [&hellip;]<\/p>\n","protected":false},"author":1,"featured_media":13545,"parent":0,"menu_order":0,"comment_status":"closed","ping_status":"closed","template":"","meta":{"footnotes":""},"class_list":["post-13403","page","type-page","status-publish","has-post-thumbnail","hentry"],"jetpack_sharing_enabled":true,"_links":{"self":[{"href":"https:\/\/lesfousgerent.fr\/index.php\/wp-json\/wp\/v2\/pages\/13403","targetHints":{"allow":["GET"]}}],"collection":[{"href":"https:\/\/lesfousgerent.fr\/index.php\/wp-json\/wp\/v2\/pages"}],"about":[{"href":"https:\/\/lesfousgerent.fr\/index.php\/wp-json\/wp\/v2\/types\/page"}],"author":[{"embeddable":true,"href":"https:\/\/lesfousgerent.fr\/index.php\/wp-json\/wp\/v2\/users\/1"}],"replies":[{"embeddable":true,"href":"https:\/\/lesfousgerent.fr\/index.php\/wp-json\/wp\/v2\/comments?post=13403"}],"version-history":[{"count":1,"href":"https:\/\/lesfousgerent.fr\/index.php\/wp-json\/wp\/v2\/pages\/13403\/revisions"}],"predecessor-version":[{"id":14489,"href":"https:\/\/lesfousgerent.fr\/index.php\/wp-json\/wp\/v2\/pages\/13403\/revisions\/14489"}],"wp:featuredmedia":[{"embeddable":true,"href":"https:\/\/lesfousgerent.fr\/index.php\/wp-json\/"}],"wp:attachment":[{"href":"https:\/\/lesfousgerent.fr\/index.php\/wp-json\/wp\/v2\/media?parent=13403"}],"curies":[{"name":"wp","href":"https:\/\/api.w.org\/{rel}","templated":true}]}}