{"id":13345,"date":"2017-02-22T23:54:52","date_gmt":"2017-02-22T22:54:52","guid":{"rendered":"http:\/\/lesfousgerent.fr\/?page_id=13345"},"modified":"2023-04-25T19:24:18","modified_gmt":"2023-04-25T17:24:18","slug":"pour-les-enfants","status":"publish","type":"page","link":"https:\/\/lesfousgerent.fr\/index.php\/pour-les-enfants\/","title":{"rendered":"Pour les enfants"},"content":{"rendered":"<p align=\"JUSTIFY\">Quel enfant n&rsquo;a pas r\u00eav\u00e9 d&rsquo;\u00eatre plong\u00e9 au c\u0153ur d&rsquo;une <strong>\u00e9nigme m\u00e9di\u00e9vale<\/strong> entre les murs charg\u00e9s d&rsquo;histoire d&rsquo;un ch\u00e2teau fort ?<\/p>\n<p align=\"JUSTIFY\">Nous vous proposons justement de <strong>venir avec votre classe ou votre centre de loisirs dans l&rsquo;enceinte du ch\u00e2teau de Foug\u00e8res<\/strong> pour participer \u00e0 nos ateliers d\u00e9couvertes ou r\u00e9soudre avec nous une enqu\u00eate originale.<\/p>\n<h4><strong>Nous intervenons de la mani\u00e8re suivante :<\/strong><\/h4>\n<ul>\n<li>\n<p align=\"JUSTIFY\">Un accueil en costume par nos membres,<\/p>\n<\/li>\n<li>\n<p align=\"JUSTIFY\">Une animation sous forme d&rsquo;enqu\u00eate m\u00e9di\u00e9vale (sur demande),<\/p>\n<\/li>\n<li>\n<p align=\"JUSTIFY\">Des <a href=\"http:\/\/lesfousgerent.fr\/index.php\/ateliers_decouvertes_participatifs\/\" target=\"_blank\" rel=\"noopener noreferrer\">ateliers d\u00e9couvertes participatifs<\/a> : danse, cuisine et \u00e9pices, couture, broderie, tissage, archerie, armement et b\u00e2ton, costumes, h\u00e9raldique, enluminure, imp\u00f4ts et droit, jardin et plantes anciennes, jeux,..<\/p>\n<\/li>\n<li>\n<p align=\"JUSTIFY\">Une mise en situation des enfants,<\/p>\n<\/li>\n<li>\n<p align=\"JUSTIFY\">Un go\u00fbter m\u00e9di\u00e9val.<\/p>\n<\/li>\n<\/ul>\n<p><span style=\"border-radius: 2px; text-indent: 20px; width: auto; padding: 0px 4px 0px 0px; text-align: center; font: bold 11px\/20px 'Helvetica Neue',Helvetica,sans-serif; color: #ffffff; background: #bd081c no-repeat scroll 3px 50% \/ 14px 14px; position: absolute; opacity: 1; z-index: 8675309; display: none; cursor: pointer;\">Enregistrer<\/span><\/p>\n<h4><strong>Mais aussi :<\/strong><\/h4>\n<ul>\n<li>\n<p align=\"JUSTIFY\">Un programme adapt\u00e9 \u00e0 l&rsquo;\u00e2ge du groupe d&rsquo;enfants,<\/p>\n<\/li>\n<li>\n<p align=\"JUSTIFY\">Une pr\u00e9paration du programme en amont avec vous,<\/p>\n<\/li>\n<li>\n<p align=\"JUSTIFY\">Une dur\u00e9e au choix (journ\u00e9e ou demi-journ\u00e9e),<\/p>\n<\/li>\n<li>\n<p align=\"JUSTIFY\">Un encadrement sp\u00e9cialis\u00e9 dans l&rsquo;animation jeunesse,<\/p>\n<\/li>\n<\/ul>\n<p align=\"JUSTIFY\"><strong>Nous nous d\u00e9pla\u00e7ons dans les \u00e9coles et centres de loisirs \u00e0 m\u00eame de nous recevoir.<\/strong><\/p>\n<p align=\"JUSTIFY\"><strong>Nous organisons aussi des concours<\/strong> dans le cadre de <a href=\"http:\/\/lesfousgerent.fr\/index.php\/nos_evenements\/\" target=\"_blank\" rel=\"noopener noreferrer\">nos \u00e9v\u00e9nementiels <\/a>(Concours d&rsquo;\u00e9criture, concours de maquettes&#8230;)<\/p>\n<p><span style=\"border-radius: 2px; text-indent: 20px; width: auto; padding: 0px 4px 0px 0px; text-align: center; font: bold 11px\/20px 'Helvetica Neue',Helvetica,sans-serif; color: #ffffff; background: #bd081c no-repeat scroll 3px 50% \/ 14px 14px; position: absolute; opacity: 1; z-index: 8675309; display: none; cursor: pointer;\">Enregistrer<\/span><\/p>\n","protected":false},"excerpt":{"rendered":"<p>Quel enfant n&rsquo;a pas r\u00eav\u00e9 d&rsquo;\u00eatre plong\u00e9 au c\u0153ur d&rsquo;une \u00e9nigme m\u00e9di\u00e9vale entre les murs charg\u00e9s d&rsquo;histoire d&rsquo;un ch\u00e2teau fort ? Nous vous proposons justement de venir avec votre classe ou votre centre de loisirs dans l&rsquo;enceinte du ch\u00e2teau de Foug\u00e8res pour participer \u00e0 nos ateliers d\u00e9couvertes ou r\u00e9soudre avec nous une enqu\u00eate originale. Nous [&hellip;]<\/p>\n","protected":false},"author":1,"featured_media":13573,"parent":0,"menu_order":0,"comment_status":"closed","ping_status":"closed","template":"","meta":{"footnotes":""},"class_list":["post-13345","page","type-page","status-publish","has-post-thumbnail","hentry"],"jetpack_sharing_enabled":true,"_links":{"self":[{"href":"https:\/\/lesfousgerent.fr\/index.php\/wp-json\/wp\/v2\/pages\/13345","targetHints":{"allow":["GET"]}}],"collection":[{"href":"https:\/\/lesfousgerent.fr\/index.php\/wp-json\/wp\/v2\/pages"}],"about":[{"href":"https:\/\/lesfousgerent.fr\/index.php\/wp-json\/wp\/v2\/types\/page"}],"author":[{"embeddable":true,"href":"https:\/\/lesfousgerent.fr\/index.php\/wp-json\/wp\/v2\/users\/1"}],"replies":[{"embeddable":true,"href":"https:\/\/lesfousgerent.fr\/index.php\/wp-json\/wp\/v2\/comments?post=13345"}],"version-history":[{"count":1,"href":"https:\/\/lesfousgerent.fr\/index.php\/wp-json\/wp\/v2\/pages\/13345\/revisions"}],"predecessor-version":[{"id":14464,"href":"https:\/\/lesfousgerent.fr\/index.php\/wp-json\/wp\/v2\/pages\/13345\/revisions\/14464"}],"wp:featuredmedia":[{"embeddable":true,"href":"https:\/\/lesfousgerent.fr\/index.php\/wp-json\/"}],"wp:attachment":[{"href":"https:\/\/lesfousgerent.fr\/index.php\/wp-json\/wp\/v2\/media?parent=13345"}],"curies":[{"name":"wp","href":"https:\/\/api.w.org\/{rel}","templated":true}]}}