{"id":13337,"date":"2017-02-22T22:45:12","date_gmt":"2017-02-22T21:45:12","guid":{"rendered":"http:\/\/lesfousgerent.fr\/?page_id=13337"},"modified":"2023-05-09T00:03:53","modified_gmt":"2023-05-08T22:03:53","slug":"qui-sommes-nous","status":"publish","type":"page","link":"https:\/\/lesfousgerent.fr\/index.php\/qui-sommes-nous\/","title":{"rendered":"Qui sommes-nous ?"},"content":{"rendered":"<p align=\"JUSTIFY\"><span style=\"color: #000000;\"><span style=\"font-size: medium;\">Dans le cadre de <b>la plus grande forteresse m\u00e9di\u00e9vale d&rsquo;Europe <\/b>ou au sein de votre \u00e9tablissement, notre association r\u00e9alise des <strong>animations pour petits et grands<\/strong>, du Pays de Foug\u00e8res ou d&rsquo;ailleurs.<\/span><\/span><\/p>\n<p align=\"JUSTIFY\"><span style=\"color: #000000;\"><span style=\"font-size: medium;\">A l&rsquo;initiative de plusieurs projets (<a href=\"http:\/\/lesfousgerent.fr\/index.php\/les-riches-heures-de-fougeres\/\" target=\"_blank\" rel=\"noopener noreferrer\"><b>f\u00eate m\u00e9di\u00e9vale<\/b><\/a>, <a href=\"http:\/\/lesfousgerent.fr\/index.php\/pour-les-enfants\/\" target=\"_blank\" rel=\"noopener noreferrer\"><b>animations scolaires<\/b><\/a>, <a href=\"http:\/\/lesfousgerent.fr\/index.php\/banquets\/\" target=\"_blank\" rel=\"noopener noreferrer\">banquets<\/a>, <a href=\"http:\/\/lesfousgerent.fr\/index.php\/fetes-medievales-du-grand-ouest\/\" target=\"_blank\" rel=\"noopener noreferrer\">campements<\/a>, <a href=\"http:\/\/lesfousgerent.fr\/index.php\/nos-ateliers\/\" target=\"_blank\" rel=\"noopener noreferrer\">ateliers pratiques anciennes<\/a>&#8230;), nous aimons nous rassembler et \u00eatre au contact du public.<\/span><\/span><\/p>\n<p align=\"JUSTIFY\"><span style=\"color: #000000;\"><span style=\"font-size: medium;\">Dans un esprit convivial, soutenu par <b>divers partenaires<\/b>, nous \u0153uvrons pour valoriser l&rsquo;image de notre ville.<\/span><\/span><\/p>\n<h3 align=\"JUSTIFY\"><span style=\"font-size: medium;\"><strong><span style=\"color: #000000;\">\u00ab\u00a0Les Fous G\u00e8rent\u00a0\u00bb Association Loi 1901 (en Ille-et-Vilaine &#8211; 35)<\/span><\/strong><\/span><\/h3>\n<p align=\"JUSTIFY\"><span style=\"color: #000000;\"><span style=\"font-size: medium;\">Du conflit entre Raoul II, baron de Foug\u00e8res et Henri II de Plantagen\u00eat, \u00e0 la c\u00e9l\u00e8bre f\u00e9e M\u00e9lusine de Hugues XII de Lusignan, en passant par Duguesclin, Conn\u00e9table de France, <strong>l&rsquo;histoire de notre cit\u00e9 de Foug\u00e8res est riche en personnages et \u00e9v\u00e9nements tant ordinaires que l\u00e9gendaires<\/strong>&#8230;<\/span><\/span><\/p>\n<p align=\"JUSTIFY\"><span style=\"color: #000000;\"><span style=\"font-size: medium;\">Dans la vall\u00e9e du Nan\u00e7on, en l&rsquo;an de gr\u00e2ce 2006, de joyeux drilles se regroup\u00e8rent pour former \u00ab\u00a0Les Fous G\u00e8rent\u00a0\u00bb.<\/span><\/span><\/p>\n<p align=\"JUSTIFY\"><span style=\"color: #000000;\"><span style=\"font-size: medium;\">Compos\u00e9e de gentes dames et de damoiseaux \u00e2g\u00e9s de 10 mois \u00e0 90 ans, notre troupe vous invite \u00e0 d\u00e9couvrir diff\u00e9rentes animations \u00e0 caract\u00e8re historique : Ateliers p\u00e9dagogiques, organisation et mise en place d&rsquo;\u00e9v\u00e9nementiels&#8230;<\/span><\/span><\/p>\n<p>Internet,\u00a0\u00a0\u00a0\u00a0\u00a0\u00a0 c&rsquo;est pas tr\u00e8s m\u00e9di\u00e9val,\u00a0\u00a0\u00a0 mais pour prendre contact,\u00a0 c&rsquo;est quand m\u00eame pas mal !<\/p>\n<p><strong>Par courrier :<\/strong><\/p>\n<p>Association <em>Les Fous G\u00e8rent\u00a0\u00a0\u00a0\u00a0\u00a0 <\/em>Brice SANTAMARIA (Pr\u00e9sident)<\/p>\n<p>6 rue de la Fourchette 35300 FOUGERES<\/p>\n<p><strong>Par t\u00e9l\u00e9phone :\u00a0 <\/strong>02.23.51.01.97 (aux heures des repas)<\/p>\n<p><strong>Par mail<\/strong> : assolesfousgerent@ yahoo.fr<\/p>\n<p><strong>Par r\u00e9seaux sociaux : facebook.com\/assolesfousgerent<\/strong><\/p>\n","protected":false},"excerpt":{"rendered":"<p>Dans le cadre de la plus grande forteresse m\u00e9di\u00e9vale d&rsquo;Europe ou au sein de votre \u00e9tablissement, notre association r\u00e9alise des animations pour petits et grands, du Pays de Foug\u00e8res ou d&rsquo;ailleurs. A l&rsquo;initiative de plusieurs projets (f\u00eate m\u00e9di\u00e9vale, animations scolaires, banquets, campements, ateliers pratiques anciennes&#8230;), nous aimons nous rassembler et \u00eatre au contact du public. [&hellip;]<\/p>\n","protected":false},"author":1,"featured_media":13701,"parent":0,"menu_order":0,"comment_status":"closed","ping_status":"closed","template":"","meta":{"footnotes":""},"class_list":["post-13337","page","type-page","status-publish","has-post-thumbnail","hentry"],"jetpack_sharing_enabled":true,"_links":{"self":[{"href":"https:\/\/lesfousgerent.fr\/index.php\/wp-json\/wp\/v2\/pages\/13337","targetHints":{"allow":["GET"]}}],"collection":[{"href":"https:\/\/lesfousgerent.fr\/index.php\/wp-json\/wp\/v2\/pages"}],"about":[{"href":"https:\/\/lesfousgerent.fr\/index.php\/wp-json\/wp\/v2\/types\/page"}],"author":[{"embeddable":true,"href":"https:\/\/lesfousgerent.fr\/index.php\/wp-json\/wp\/v2\/users\/1"}],"replies":[{"embeddable":true,"href":"https:\/\/lesfousgerent.fr\/index.php\/wp-json\/wp\/v2\/comments?post=13337"}],"version-history":[{"count":4,"href":"https:\/\/lesfousgerent.fr\/index.php\/wp-json\/wp\/v2\/pages\/13337\/revisions"}],"predecessor-version":[{"id":14571,"href":"https:\/\/lesfousgerent.fr\/index.php\/wp-json\/wp\/v2\/pages\/13337\/revisions\/14571"}],"wp:featuredmedia":[{"embeddable":true,"href":"https:\/\/lesfousgerent.fr\/index.php\/wp-json\/"}],"wp:attachment":[{"href":"https:\/\/lesfousgerent.fr\/index.php\/wp-json\/wp\/v2\/media?parent=13337"}],"curies":[{"name":"wp","href":"https:\/\/api.w.org\/{rel}","templated":true}]}}