{"id":13300,"date":"2017-02-19T02:13:41","date_gmt":"2017-02-19T01:13:41","guid":{"rendered":"http:\/\/lesfousgerent.fr\/?page_id=13300"},"modified":"2023-04-25T19:21:03","modified_gmt":"2023-04-25T17:21:03","slug":"ateliers-decouvertes-participatifs","status":"publish","type":"page","link":"https:\/\/lesfousgerent.fr\/index.php\/ateliers-decouvertes-participatifs\/","title":{"rendered":"Ateliers d\u00e9couvertes participatifs"},"content":{"rendered":"<p>Les membres de Fous G\u00e8rent ont <strong>chacun leur savoir-faire<\/strong> qu&rsquo;ils <strong>aiment transmettre avec passion<\/strong>.<\/p>\n<p><strong>Nos animations participatives et interactives<\/strong> pour tout public, enfants comme adultes, vous permettent de d\u00e9couvrir les domaines suivants :<\/p>\n<p>Initiations pratiques :<\/p>\n<ul>\n<li>Danse et \u00e9changes courtois<\/li>\n<li>Archerie<\/li>\n<li>Jeux anciens<\/li>\n<li>B\u00e2ton et escrime<\/li>\n<\/ul>\n<p>D\u00e9couverte des savoirs-faire et de la vie m\u00e9di\u00e9vale :<\/p>\n<ul>\n<li>Cuisine, saveurs et \u00e9pices<\/li>\n<li>Costumes, couture, broderie, tissage<\/li>\n<li>Enluminure et calligraphie<\/li>\n<li>H\u00e9raldique<\/li>\n<li>Imp\u00f4ts et droits<\/li>\n<li>Jardin et plantes anciennes<\/li>\n<li>Armure et armement<\/li>\n<\/ul>\n<p>Actualit\u00e9 des animations<\/p>\n<p>Autres animations propos\u00e9es<\/p>\n","protected":false},"excerpt":{"rendered":"<p>Les membres de Fous G\u00e8rent ont chacun leur savoir-faire qu&rsquo;ils aiment transmettre avec passion. Nos animations participatives et interactives pour tout public, enfants comme adultes, vous permettent de d\u00e9couvrir les domaines suivants : Initiations pratiques : Danse et \u00e9changes courtois Archerie Jeux anciens B\u00e2ton et escrime D\u00e9couverte des savoirs-faire et de la vie m\u00e9di\u00e9vale : [&hellip;]<\/p>\n","protected":false},"author":1,"featured_media":13630,"parent":0,"menu_order":0,"comment_status":"closed","ping_status":"closed","template":"","meta":{"footnotes":""},"class_list":["post-13300","page","type-page","status-publish","has-post-thumbnail","hentry"],"jetpack_sharing_enabled":true,"_links":{"self":[{"href":"https:\/\/lesfousgerent.fr\/index.php\/wp-json\/wp\/v2\/pages\/13300","targetHints":{"allow":["GET"]}}],"collection":[{"href":"https:\/\/lesfousgerent.fr\/index.php\/wp-json\/wp\/v2\/pages"}],"about":[{"href":"https:\/\/lesfousgerent.fr\/index.php\/wp-json\/wp\/v2\/types\/page"}],"author":[{"embeddable":true,"href":"https:\/\/lesfousgerent.fr\/index.php\/wp-json\/wp\/v2\/users\/1"}],"replies":[{"embeddable":true,"href":"https:\/\/lesfousgerent.fr\/index.php\/wp-json\/wp\/v2\/comments?post=13300"}],"version-history":[{"count":2,"href":"https:\/\/lesfousgerent.fr\/index.php\/wp-json\/wp\/v2\/pages\/13300\/revisions"}],"predecessor-version":[{"id":14462,"href":"https:\/\/lesfousgerent.fr\/index.php\/wp-json\/wp\/v2\/pages\/13300\/revisions\/14462"}],"wp:featuredmedia":[{"embeddable":true,"href":"https:\/\/lesfousgerent.fr\/index.php\/wp-json\/"}],"wp:attachment":[{"href":"https:\/\/lesfousgerent.fr\/index.php\/wp-json\/wp\/v2\/media?parent=13300"}],"curies":[{"name":"wp","href":"https:\/\/api.w.org\/{rel}","templated":true}]}}