{"id":13247,"date":"2016-04-01T16:15:06","date_gmt":"2016-04-01T15:15:06","guid":{"rendered":"http:\/\/lesfousgerent.fr\/?page_id=13247"},"modified":"2026-04-27T18:14:59","modified_gmt":"2026-04-27T16:14:59","slug":"accueil","status":"publish","type":"page","link":"https:\/\/lesfousgerent.fr\/","title":{"rendered":""},"content":{"rendered":"\t\t<div data-elementor-type=\"wp-page\" data-elementor-id=\"13247\" class=\"elementor elementor-13247\">\n\t\t\t\t\t\t<section class=\"elementor-section elementor-top-section elementor-element elementor-element-9b45dad elementor-section-boxed elementor-section-height-default elementor-section-height-default\" data-id=\"9b45dad\" data-element_type=\"section\">\n\t\t\t\t\t\t<div class=\"elementor-container elementor-column-gap-default\">\n\t\t\t\t\t<div class=\"elementor-column elementor-col-50 elementor-top-column elementor-element elementor-element-aaa0947\" data-id=\"aaa0947\" data-element_type=\"column\">\n\t\t\t<div class=\"elementor-widget-wrap elementor-element-populated\">\n\t\t\t\t\t\t<div class=\"elementor-element elementor-element-0684ae0 elementor-widget elementor-widget-image\" data-id=\"0684ae0\" data-element_type=\"widget\" data-widget_type=\"image.default\">\n\t\t\t\t<div class=\"elementor-widget-container\">\n\t\t\t\t\t\t\t\t\t\t\t\t\t\t\t<img fetchpriority=\"high\" decoding=\"async\" width=\"1376\" height=\"2048\" src=\"https:\/\/lesfousgerent.fr\/wp-content\/uploads\/2026\/04\/Montage-affiche-les-Riches-Heures-2026-copie-2-1-1376x2048.jpg\" class=\"attachment-2048x2048 size-2048x2048 wp-image-15141\" alt=\"\" srcset=\"https:\/\/lesfousgerent.fr\/wp-content\/uploads\/2026\/04\/Montage-affiche-les-Riches-Heures-2026-copie-2-1-1376x2048.jpg 1376w, https:\/\/lesfousgerent.fr\/wp-content\/uploads\/2026\/04\/Montage-affiche-les-Riches-Heures-2026-copie-2-1-202x300.jpg 202w, https:\/\/lesfousgerent.fr\/wp-content\/uploads\/2026\/04\/Montage-affiche-les-Riches-Heures-2026-copie-2-1-688x1024.jpg 688w, https:\/\/lesfousgerent.fr\/wp-content\/uploads\/2026\/04\/Montage-affiche-les-Riches-Heures-2026-copie-2-1-768x1143.jpg 768w, https:\/\/lesfousgerent.fr\/wp-content\/uploads\/2026\/04\/Montage-affiche-les-Riches-Heures-2026-copie-2-1-1032x1536.jpg 1032w, https:\/\/lesfousgerent.fr\/wp-content\/uploads\/2026\/04\/Montage-affiche-les-Riches-Heures-2026-copie-2-1-scaled.jpg 1720w\" sizes=\"(max-width: 1376px) 100vw, 1376px\" \/>\t\t\t\t\t\t\t\t\t\t\t\t\t\t\t<\/div>\n\t\t\t\t<\/div>\n\t\t\t\t\t<\/div>\n\t\t<\/div>\n\t\t\t\t<div class=\"elementor-column elementor-col-50 elementor-top-column elementor-element elementor-element-9521707\" data-id=\"9521707\" data-element_type=\"column\">\n\t\t\t<div class=\"elementor-widget-wrap elementor-element-populated\">\n\t\t\t\t\t\t<div class=\"elementor-element elementor-element-212c2fc elementor-widget__width-initial elementor-widget elementor-widget-text-editor\" data-id=\"212c2fc\" data-element_type=\"widget\" data-widget_type=\"text-editor.default\">\n\t\t\t\t<div class=\"elementor-widget-container\">\n\t\t\t\t\t\t\t\t\t<h1 style=\"text-align: center;\">\u00a0<\/h1>\n<h1 style=\"text-align: center;\">R\u00e9union d&rsquo;information pour les b\u00e9n\u00e9voles<\/h1>\n<h1 style=\"text-align: center;\">Samedi 30 mai<\/h1>\n<h1 style=\"text-align: center;\">9h30<\/h1>\n<h1 style=\"text-align: center;\">Salle de conf\u00e9rence des ateliers<\/h1>\t\t\t\t\t\t\t\t<\/div>\n\t\t\t\t<\/div>\n\t\t\t\t\t<\/div>\n\t\t<\/div>\n\t\t\t\t\t<\/div>\n\t\t<\/section>\n\t\t\t\t<section class=\"elementor-section elementor-top-section elementor-element elementor-element-5ef69453 elementor-section-boxed elementor-section-height-default elementor-section-height-default\" data-id=\"5ef69453\" data-element_type=\"section\">\n\t\t\t\t\t\t<div class=\"elementor-container elementor-column-gap-default\">\n\t\t\t\t\t<div class=\"elementor-column elementor-col-100 elementor-top-column elementor-element elementor-element-5e516b93\" data-id=\"5e516b93\" data-element_type=\"column\">\n\t\t\t<div class=\"elementor-widget-wrap elementor-element-populated\">\n\t\t\t\t\t\t<div class=\"elementor-element elementor-element-e87fbc1 elementor-widget__width-auto elementor-widget elementor-widget-text-editor\" data-id=\"e87fbc1\" data-element_type=\"widget\" data-widget_type=\"text-editor.default\">\n\t\t\t\t<div class=\"elementor-widget-container\">\n\t\t\t\t\t\t\t\t\t<h1>Envie de nous aider, c&rsquo;est par ici :<\/h1>\t\t\t\t\t\t\t\t<\/div>\n\t\t\t\t<\/div>\n\t\t\t\t<div class=\"elementor-element elementor-element-db13220 elementor-button-success elementor-align-center elementor-widget__width-auto elementor-widget elementor-widget-button\" data-id=\"db13220\" data-element_type=\"widget\" data-widget_type=\"button.default\">\n\t\t\t\t<div class=\"elementor-widget-container\">\n\t\t\t\t\t\t\t\t\t<div class=\"elementor-button-wrapper\">\n\t\t\t\t\t<a class=\"elementor-button elementor-button-link elementor-size-sm\" href=\"https:\/\/docs.google.com\/forms\/d\/e\/1FAIpQLSeIznTwSlGjzUiI_E7HnVOKxHA0YXrvtQfqlDjoXc6hxDKvgA\/viewform?embedded=true\" target=\"_blank\" id=\"formulaire\">\n\t\t\t\t\t\t<span class=\"elementor-button-content-wrapper\">\n\t\t\t\t\t\t<span class=\"elementor-button-icon\">\n\t\t\t\t<i aria-hidden=\"true\" class=\"far fa-hand-point-right\"><\/i>\t\t\t<\/span>\n\t\t\t\t\t\t\t\t\t<span class=\"elementor-button-text\">Devenir b\u00e9n\u00e9vole<\/span>\n\t\t\t\t\t<\/span>\n\t\t\t\t\t<\/a>\n\t\t\t\t<\/div>\n\t\t\t\t\t\t\t\t<\/div>\n\t\t\t\t<\/div>\n\t\t\t\t<div class=\"elementor-element elementor-element-39053943 elementor-widget elementor-widget-text-editor\" data-id=\"39053943\" data-element_type=\"widget\" data-widget_type=\"text-editor.default\">\n\t\t\t\t<div class=\"elementor-widget-container\">\n\t\t\t\t\t\t\t\t\t<p><\/p>\n<h2>\u00a0<\/h2>\n<p><!-- \/wp:heading --><\/p>\n<p><!-- wp:image {\"id\":14576,\"sizeSlug\":\"full\",\"linkDestination\":\"none\"} --><\/p>\n<figure class=\"wp-block-image size-full\"><\/figure>\n<p><!-- \/wp:image --><\/p>\n<p><!-- wp:image {\"id\":14931,\"sizeSlug\":\"large\",\"linkDestination\":\"none\"} --><\/p>\n<figure class=\"wp-block-image size-large\"><\/figure>\n<p><!-- \/wp:image --><\/p>\n<p><!-- \/wp:quote --><\/p>\n<p><!-- wp:paragraph --><\/p>\n<p><!-- \/wp:list --><\/p>\n<p><!-- wp:shortcode \/--><\/p>\n<p><!-- wp:html \/--><\/p>\n<p><!-- wp:paragraph --><\/p>\n<p><!-- \/wp:paragraph --><\/p>\n<p><!-- wp:separator --><\/p>\n<hr class=\"wp-block-separator has-alpha-channel-opacity\" \/>\n<p><!-- \/wp:heading --><\/p>\n<p><!-- wp:image {\"id\":14576,\"sizeSlug\":\"full\",\"linkDestination\":\"none\"} --><\/p>\n<figure class=\"wp-block-image size-full\"><img decoding=\"async\" width=\"793\" height=\"310\" class=\"wp-image-14576\" src=\"http:\/\/lesfousgerent.fr\/wp-content\/uploads\/2023\/05\/2023-05-09_001030-1.jpeg\" alt=\"\" srcset=\"https:\/\/lesfousgerent.fr\/wp-content\/uploads\/2023\/05\/2023-05-09_001030-1.jpeg 793w, https:\/\/lesfousgerent.fr\/wp-content\/uploads\/2023\/05\/2023-05-09_001030-1-300x117.jpeg 300w, https:\/\/lesfousgerent.fr\/wp-content\/uploads\/2023\/05\/2023-05-09_001030-1-768x300.jpeg 768w\" sizes=\"(max-width: 793px) 100vw, 793px\" \/><\/figure>\n<p><!-- \/wp:image --><\/p>\n<p><!-- wp:separator --><\/p>\n<p><!-- wp:separator --><\/p>\n<hr class=\"wp-block-separator has-alpha-channel-opacity\" \/>\n<p><!-- \/wp:separator --><\/p>\n<p><!-- wp:heading --><\/p>\n<ul class=\"wp-block-list\">\n<li style=\"list-style-type: none;\">\u00a0<\/li>\n<\/ul>\n<p><!-- \/wp:list-item --><\/p>\n<p><!-- \/wp:list --><\/p>\n<p><!-- wp:paragraph --><\/p>\n<p><!-- \/wp:paragraph --><\/p>\t\t\t\t\t\t\t\t<\/div>\n\t\t\t\t<\/div>\n\t\t\t\t\t<\/div>\n\t\t<\/div>\n\t\t\t\t\t<\/div>\n\t\t<\/section>\n\t\t\t\t<\/div>\n\t\t","protected":false},"excerpt":{"rendered":"<p>\u00a0 R\u00e9union d&rsquo;information pour les b\u00e9n\u00e9voles Samedi 30 mai 9h30 Salle de conf\u00e9rence des ateliers Envie de nous aider, c&rsquo;est par ici : Devenir b\u00e9n\u00e9vole \u00a0 \u00a0<\/p>\n","protected":false},"author":1,"featured_media":0,"parent":0,"menu_order":0,"comment_status":"closed","ping_status":"closed","template":"","meta":{"footnotes":""},"class_list":["post-13247","page","type-page","status-publish","hentry"],"jetpack_sharing_enabled":true,"_links":{"self":[{"href":"https:\/\/lesfousgerent.fr\/index.php\/wp-json\/wp\/v2\/pages\/13247","targetHints":{"allow":["GET"]}}],"collection":[{"href":"https:\/\/lesfousgerent.fr\/index.php\/wp-json\/wp\/v2\/pages"}],"about":[{"href":"https:\/\/lesfousgerent.fr\/index.php\/wp-json\/wp\/v2\/types\/page"}],"author":[{"embeddable":true,"href":"https:\/\/lesfousgerent.fr\/index.php\/wp-json\/wp\/v2\/users\/1"}],"replies":[{"embeddable":true,"href":"https:\/\/lesfousgerent.fr\/index.php\/wp-json\/wp\/v2\/comments?post=13247"}],"version-history":[{"count":163,"href":"https:\/\/lesfousgerent.fr\/index.php\/wp-json\/wp\/v2\/pages\/13247\/revisions"}],"predecessor-version":[{"id":15144,"href":"https:\/\/lesfousgerent.fr\/index.php\/wp-json\/wp\/v2\/pages\/13247\/revisions\/15144"}],"wp:attachment":[{"href":"https:\/\/lesfousgerent.fr\/index.php\/wp-json\/wp\/v2\/media?parent=13247"}],"curies":[{"name":"wp","href":"https:\/\/api.w.org\/{rel}","templated":true}]}}