{"id":13181,"date":"2016-03-31T14:29:54","date_gmt":"2016-03-31T13:29:54","guid":{"rendered":"http:\/\/lesfousgerent.fr\/?page_id=13181"},"modified":"2025-12-22T18:27:06","modified_gmt":"2025-12-22T17:27:06","slug":"nos-ateliers","status":"publish","type":"page","link":"https:\/\/lesfousgerent.fr\/index.php\/nos-ateliers\/","title":{"rendered":"Nos Activit\u00e9s"},"content":{"rendered":"\n<p><\/p>\n\n\n<h3><span style=\"color: #000000;\">R\u00e9alis\u00e9s par et pour les membres de l&rsquo;association<\/span><\/h3>\n<p><span style=\"color: #000000;\">Avec la complicit\u00e9 occasionnelle d&rsquo;intervenants ext\u00e9rieurs, nous r\u00e9alisons diff\u00e9rents projet et \u00e9changes de savoirs sous le joug de la bonne humeur et de la convivialit\u00e9.<\/span><\/p>\n<p>D\u00e9couvrez dans les rubriques ci-dessous les ateliers qui pourraient vous int\u00e9resser et <strong>devenez membre<\/strong> de l&rsquo;association <strong>pour y participer<\/strong>.<\/p>\n<h2 style=\"text-align: justify;\"><span style=\"color: #000000;\">\u00a0<\/span><\/h2>","protected":false},"excerpt":{"rendered":"<p>R\u00e9alis\u00e9s par et pour les membres de l&rsquo;association Avec la complicit\u00e9 occasionnelle d&rsquo;intervenants ext\u00e9rieurs, nous r\u00e9alisons diff\u00e9rents projet et \u00e9changes de savoirs sous le joug de la bonne humeur et de la convivialit\u00e9. D\u00e9couvrez dans les rubriques ci-dessous les ateliers qui pourraient vous int\u00e9resser et devenez membre de l&rsquo;association pour y participer. \u00a0<\/p>\n","protected":false},"author":1,"featured_media":13551,"parent":0,"menu_order":0,"comment_status":"closed","ping_status":"closed","template":"","meta":{"footnotes":""},"class_list":["post-13181","page","type-page","status-publish","has-post-thumbnail","hentry"],"jetpack_sharing_enabled":true,"_links":{"self":[{"href":"https:\/\/lesfousgerent.fr\/index.php\/wp-json\/wp\/v2\/pages\/13181","targetHints":{"allow":["GET"]}}],"collection":[{"href":"https:\/\/lesfousgerent.fr\/index.php\/wp-json\/wp\/v2\/pages"}],"about":[{"href":"https:\/\/lesfousgerent.fr\/index.php\/wp-json\/wp\/v2\/types\/page"}],"author":[{"embeddable":true,"href":"https:\/\/lesfousgerent.fr\/index.php\/wp-json\/wp\/v2\/users\/1"}],"replies":[{"embeddable":true,"href":"https:\/\/lesfousgerent.fr\/index.php\/wp-json\/wp\/v2\/comments?post=13181"}],"version-history":[{"count":2,"href":"https:\/\/lesfousgerent.fr\/index.php\/wp-json\/wp\/v2\/pages\/13181\/revisions"}],"predecessor-version":[{"id":15029,"href":"https:\/\/lesfousgerent.fr\/index.php\/wp-json\/wp\/v2\/pages\/13181\/revisions\/15029"}],"wp:featuredmedia":[{"embeddable":true,"href":"https:\/\/lesfousgerent.fr\/index.php\/wp-json\/"}],"wp:attachment":[{"href":"https:\/\/lesfousgerent.fr\/index.php\/wp-json\/wp\/v2\/media?parent=13181"}],"curies":[{"name":"wp","href":"https:\/\/api.w.org\/{rel}","templated":true}]}}