{"id":13171,"date":"2016-03-31T14:13:45","date_gmt":"2016-03-31T13:13:45","guid":{"rendered":"http:\/\/lesfousgerent.fr\/?page_id=13171"},"modified":"2023-04-25T20:03:19","modified_gmt":"2023-04-25T18:03:19","slug":"campements","status":"publish","type":"page","link":"https:\/\/lesfousgerent.fr\/index.php\/campements\/","title":{"rendered":"Campements"},"content":{"rendered":"<h4>Les campements sont au c\u0153ur de la vie de l&rsquo;association.<\/h4>\n<p>De multiples activit\u00e9s y sont d\u00e9ploy\u00e9es :<\/p>\n<ul>\n<li>Rencontre et \u00e9change de nos savoirs-faire avec le public (danse, cuisine et \u00e9pices, couture, fabrication de fl\u00e8ches, m\u00e9tier \u00e0 tisser, enluminure&#8230;)<\/li>\n<li>Participation aux joutes d&rsquo;archerie<\/li>\n<li>Participation aux m\u00eal\u00e9es et combats en armure sc\u00e9naris\u00e9s<\/li>\n<li>Participation aux concours de cuisine<\/li>\n<li>Moments conviviaux entre membres de l&rsquo;association et avec les autres compagnies m\u00e9di\u00e9vales<\/li>\n<li>Dur\u00e9e : un week-end par rassemblement m\u00e9di\u00e9val<\/li>\n<\/ul>\n<p>Nous participons aux f\u00eates m\u00e9di\u00e9vales du Grand Ouest et organisons \u00e9galement d\u00e8s que possible nos propres camps priv\u00e9s, juste pour le plaisir.<\/p>\n\n\t\t<style type=\"text\/css\">\n\t\t\t#gallery-1 {\n\t\t\t\tmargin: auto;\n\t\t\t}\n\t\t\t#gallery-1 .gallery-item {\n\t\t\t\tfloat: left;\n\t\t\t\tmargin-top: 10px;\n\t\t\t\ttext-align: center;\n\t\t\t\twidth: 33%;\n\t\t\t}\n\t\t\t#gallery-1 img {\n\t\t\t\tborder: 2px solid #cfcfcf;\n\t\t\t}\n\t\t\t#gallery-1 .gallery-caption {\n\t\t\t\tmargin-left: 0;\n\t\t\t}\n\t\t\t\/* see gallery_shortcode() in wp-includes\/media.php *\/\n\t\t<\/style>\n\t\t<div id='gallery-1' class='gallery galleryid-13171 gallery-columns-3 gallery-size-thumbnail'><dl class='gallery-item'>\n\t\t\t<dt class='gallery-icon portrait'>\n\t\t\t\t<a href='https:\/\/lesfousgerent.fr\/index.php\/campements\/22-oct-chateau-du-loir-22-008\/'><img decoding=\"async\" width=\"150\" height=\"150\" src=\"https:\/\/lesfousgerent.fr\/wp-content\/uploads\/2023\/04\/22-oct-chateau-du-Loir-22-008-150x150.jpg\" class=\"attachment-thumbnail size-thumbnail\" alt=\"Chateau-du-Loir Octobre 2022\" srcset=\"https:\/\/lesfousgerent.fr\/wp-content\/uploads\/2023\/04\/22-oct-chateau-du-Loir-22-008-150x150.jpg 150w, https:\/\/lesfousgerent.fr\/wp-content\/uploads\/2023\/04\/22-oct-chateau-du-Loir-22-008-300x300.jpg 300w\" sizes=\"(max-width: 150px) 100vw, 150px\" \/><\/a>\n\t\t\t<\/dt><\/dl><dl class='gallery-item'>\n\t\t\t<dt class='gallery-icon landscape'>\n\t\t\t\t<a href='https:\/\/lesfousgerent.fr\/index.php\/campements\/22-oct-chateau-du-loir-22-016\/'><img decoding=\"async\" width=\"150\" height=\"150\" src=\"https:\/\/lesfousgerent.fr\/wp-content\/uploads\/2023\/04\/22-oct-chateau-du-Loir-22-016-150x150.jpg\" class=\"attachment-thumbnail size-thumbnail\" alt=\"\" srcset=\"https:\/\/lesfousgerent.fr\/wp-content\/uploads\/2023\/04\/22-oct-chateau-du-Loir-22-016-150x150.jpg 150w, https:\/\/lesfousgerent.fr\/wp-content\/uploads\/2023\/04\/22-oct-chateau-du-Loir-22-016-300x300.jpg 300w\" sizes=\"(max-width: 150px) 100vw, 150px\" \/><\/a>\n\t\t\t<\/dt><\/dl><dl class='gallery-item'>\n\t\t\t<dt class='gallery-icon portrait'>\n\t\t\t\t<a href='https:\/\/lesfousgerent.fr\/index.php\/campements\/22-oct-chateau-du-loir-22-017\/'><img decoding=\"async\" width=\"150\" height=\"150\" src=\"https:\/\/lesfousgerent.fr\/wp-content\/uploads\/2023\/04\/22-oct-chateau-du-Loir-22-017-150x150.jpg\" class=\"attachment-thumbnail size-thumbnail\" alt=\"\" srcset=\"https:\/\/lesfousgerent.fr\/wp-content\/uploads\/2023\/04\/22-oct-chateau-du-Loir-22-017-150x150.jpg 150w, https:\/\/lesfousgerent.fr\/wp-content\/uploads\/2023\/04\/22-oct-chateau-du-Loir-22-017-300x300.jpg 300w\" sizes=\"(max-width: 150px) 100vw, 150px\" \/><\/a>\n\t\t\t<\/dt><\/dl><br style=\"clear: both\" \/><dl class='gallery-item'>\n\t\t\t<dt class='gallery-icon portrait'>\n\t\t\t\t<a href='https:\/\/lesfousgerent.fr\/index.php\/campements\/22-oct-chateau-du-loir-22-019\/'><img loading=\"lazy\" decoding=\"async\" width=\"150\" height=\"150\" src=\"https:\/\/lesfousgerent.fr\/wp-content\/uploads\/2023\/04\/22-oct-chateau-du-Loir-22-019-150x150.jpg\" class=\"attachment-thumbnail size-thumbnail\" alt=\"\" srcset=\"https:\/\/lesfousgerent.fr\/wp-content\/uploads\/2023\/04\/22-oct-chateau-du-Loir-22-019-150x150.jpg 150w, https:\/\/lesfousgerent.fr\/wp-content\/uploads\/2023\/04\/22-oct-chateau-du-Loir-22-019-300x300.jpg 300w\" sizes=\"(max-width: 150px) 100vw, 150px\" \/><\/a>\n\t\t\t<\/dt><\/dl><dl class='gallery-item'>\n\t\t\t<dt class='gallery-icon portrait'>\n\t\t\t\t<a href='https:\/\/lesfousgerent.fr\/index.php\/campements\/22-oct-chateau-du-loir-22-021\/'><img loading=\"lazy\" decoding=\"async\" width=\"150\" height=\"150\" src=\"https:\/\/lesfousgerent.fr\/wp-content\/uploads\/2023\/04\/22-oct-chateau-du-Loir-22-021-150x150.jpg\" class=\"attachment-thumbnail size-thumbnail\" alt=\"\" srcset=\"https:\/\/lesfousgerent.fr\/wp-content\/uploads\/2023\/04\/22-oct-chateau-du-Loir-22-021-150x150.jpg 150w, https:\/\/lesfousgerent.fr\/wp-content\/uploads\/2023\/04\/22-oct-chateau-du-Loir-22-021-300x300.jpg 300w\" sizes=\"(max-width: 150px) 100vw, 150px\" \/><\/a>\n\t\t\t<\/dt><\/dl><dl class='gallery-item'>\n\t\t\t<dt class='gallery-icon portrait'>\n\t\t\t\t<a href='https:\/\/lesfousgerent.fr\/index.php\/campements\/22-oct-chateau-du-loir-22-022\/'><img loading=\"lazy\" decoding=\"async\" width=\"150\" height=\"150\" src=\"https:\/\/lesfousgerent.fr\/wp-content\/uploads\/2023\/04\/22-oct-chateau-du-Loir-22-022-150x150.jpg\" class=\"attachment-thumbnail size-thumbnail\" alt=\"\" srcset=\"https:\/\/lesfousgerent.fr\/wp-content\/uploads\/2023\/04\/22-oct-chateau-du-Loir-22-022-150x150.jpg 150w, https:\/\/lesfousgerent.fr\/wp-content\/uploads\/2023\/04\/22-oct-chateau-du-Loir-22-022-300x300.jpg 300w\" sizes=\"(max-width: 150px) 100vw, 150px\" \/><\/a>\n\t\t\t<\/dt><\/dl><br style=\"clear: both\" \/><dl class='gallery-item'>\n\t\t\t<dt class='gallery-icon landscape'>\n\t\t\t\t<a href='https:\/\/lesfousgerent.fr\/index.php\/campements\/22-oct-chateau-du-loir-22-022_cr\/'><img loading=\"lazy\" decoding=\"async\" width=\"150\" height=\"150\" src=\"https:\/\/lesfousgerent.fr\/wp-content\/uploads\/2023\/04\/22-oct-chateau-du-Loir-22-022_cr-150x150.jpg\" class=\"attachment-thumbnail size-thumbnail\" alt=\"\" srcset=\"https:\/\/lesfousgerent.fr\/wp-content\/uploads\/2023\/04\/22-oct-chateau-du-Loir-22-022_cr-150x150.jpg 150w, https:\/\/lesfousgerent.fr\/wp-content\/uploads\/2023\/04\/22-oct-chateau-du-Loir-22-022_cr-300x300.jpg 300w\" sizes=\"(max-width: 150px) 100vw, 150px\" \/><\/a>\n\t\t\t<\/dt><\/dl><dl class='gallery-item'>\n\t\t\t<dt class='gallery-icon portrait'>\n\t\t\t\t<a href='https:\/\/lesfousgerent.fr\/index.php\/campements\/22-oct-chateau-du-loir-22-123\/'><img loading=\"lazy\" decoding=\"async\" width=\"150\" height=\"150\" src=\"https:\/\/lesfousgerent.fr\/wp-content\/uploads\/2023\/04\/22-oct-chateau-du-Loir-22-123-150x150.jpg\" class=\"attachment-thumbnail size-thumbnail\" alt=\"\" srcset=\"https:\/\/lesfousgerent.fr\/wp-content\/uploads\/2023\/04\/22-oct-chateau-du-Loir-22-123-150x150.jpg 150w, https:\/\/lesfousgerent.fr\/wp-content\/uploads\/2023\/04\/22-oct-chateau-du-Loir-22-123-300x300.jpg 300w\" sizes=\"(max-width: 150px) 100vw, 150px\" \/><\/a>\n\t\t\t<\/dt><\/dl>\n\t\t\t<br style='clear: both' \/>\n\t\t<\/div>\n\n","protected":false},"excerpt":{"rendered":"<p>Les campements sont au c\u0153ur de la vie de l&rsquo;association. De multiples activit\u00e9s y sont d\u00e9ploy\u00e9es : Rencontre et \u00e9change de nos savoirs-faire avec le public (danse, cuisine et \u00e9pices, couture, fabrication de fl\u00e8ches, m\u00e9tier \u00e0 tisser, enluminure&#8230;) Participation aux joutes d&rsquo;archerie Participation aux m\u00eal\u00e9es et combats en armure sc\u00e9naris\u00e9s Participation aux concours de cuisine [&hellip;]<\/p>\n","protected":false},"author":1,"featured_media":13569,"parent":0,"menu_order":0,"comment_status":"closed","ping_status":"closed","template":"","meta":{"footnotes":""},"class_list":["post-13171","page","type-page","status-publish","has-post-thumbnail","hentry"],"jetpack_sharing_enabled":true,"_links":{"self":[{"href":"https:\/\/lesfousgerent.fr\/index.php\/wp-json\/wp\/v2\/pages\/13171","targetHints":{"allow":["GET"]}}],"collection":[{"href":"https:\/\/lesfousgerent.fr\/index.php\/wp-json\/wp\/v2\/pages"}],"about":[{"href":"https:\/\/lesfousgerent.fr\/index.php\/wp-json\/wp\/v2\/types\/page"}],"author":[{"embeddable":true,"href":"https:\/\/lesfousgerent.fr\/index.php\/wp-json\/wp\/v2\/users\/1"}],"replies":[{"embeddable":true,"href":"https:\/\/lesfousgerent.fr\/index.php\/wp-json\/wp\/v2\/comments?post=13171"}],"version-history":[{"count":2,"href":"https:\/\/lesfousgerent.fr\/index.php\/wp-json\/wp\/v2\/pages\/13171\/revisions"}],"predecessor-version":[{"id":14488,"href":"https:\/\/lesfousgerent.fr\/index.php\/wp-json\/wp\/v2\/pages\/13171\/revisions\/14488"}],"wp:featuredmedia":[{"embeddable":true,"href":"https:\/\/lesfousgerent.fr\/index.php\/wp-json\/"}],"wp:attachment":[{"href":"https:\/\/lesfousgerent.fr\/index.php\/wp-json\/wp\/v2\/media?parent=13171"}],"curies":[{"name":"wp","href":"https:\/\/api.w.org\/{rel}","templated":true}]}}