{"id":13137,"date":"2016-03-08T17:09:26","date_gmt":"2016-03-08T16:09:26","guid":{"rendered":"http:\/\/lesfousgerent.fr\/?page_id=13137"},"modified":"2023-04-26T21:07:39","modified_gmt":"2023-04-26T19:07:39","slug":"fougeres-la-bretonne","status":"publish","type":"page","link":"https:\/\/lesfousgerent.fr\/index.php\/fougeres-la-bretonne\/","title":{"rendered":"La \u00ab\u00a0Nuit de Surienne\u00a0\u00bb"},"content":{"rendered":"<h2>La \u00ab\u00a0Nuit de Surienne\u00a0\u00bb\u00a0 entre le 24 et 25 mars 1449<\/h2>\n<p style=\"text-align: justify;\" align=\"justify\">Le roi d\u2019Angleterre, voyant de plus en plus s\u2019\u00e9loigner la perceptive d\u2019un renouvellement d\u2019alliance avec Fran\u00e7ois Ier de Bretagne, qui \u00e9tait plut\u00f4t favorable au roi de France Charles VII, organisa d\u00e8s 1446, une op\u00e9ration minutieuse visant \u00e0 prendre la baronnie de Foug\u00e8res en vue de faire pression sur le duc de Bretagne.<\/p>\n<p style=\"text-align: justify;\" align=\"justify\">Il choisit alors le comte de Suffolk, nouveau duc de Normandie, pour mener cette exp\u00e9dition malgr\u00e9 la tr\u00eave impos\u00e9e par le Car\u00eame.<br \/>\nCe dernier, trouva en la personne de Surienne qui \u00e9tait alors Capitaine de Verneuil et de Longny, un complice de grande qualit\u00e9.<br \/>\nEn effet, Surienne pouvait se vanter d\u2019avoir r\u00e9ussit \u00e0 prendre une trentaine de villes ou ch\u00e2teaux, et celui-ci, aid\u00e9 de ses espions, savait que l\u2019on n\u00e9gligeait la garde en la baronnie de Foug\u00e8res.<br \/>\nLa ville f\u00fbt donc plong\u00e9e dans un bain de sang et tomba une nouvelle fois aux mains des Anglais.<\/p>\n<p style=\"text-align: justify;\" align=\"justify\">En r\u00e9ponse \u00e0 cet affront, les combats reprirent de plus bel, et ce f\u00fbt un peu avant la capitulation des Anglais que la ville de Foug\u00e8res f\u00fbt rendue au duc de Bretagne, alors alli\u00e9 du roi de France Charles VII, grand vainqueur de la guerre de Cent Ans.<\/p>\n<p style=\"text-align: justify;\">Enfin, de cette \u00e9poque lointaine, nous restent actuellement encore quelques lieux aux noms \u00e9vocateur, et la l\u00e9gende de la f\u00e9e M\u00e9lusine qui, selon la l\u00e9gende, se manifesterait avant que de grands malheurs ne s\u2019abattent sur les habitants de la ville. Ainsi certain anciens de la ville font encore allusion aux cris d\u2019alerte de ladite f\u00e9e, annon\u00e7ant les grands incendies et les deux d\u00e9sastres tant mat\u00e9riels qu\u2019 humains majeurs du XIX\u00b0 si\u00e8cle que sont la Iere et la IIde Guerre Mondiale.<\/p>\n<h2>Foug\u00e8res et la Guerre de Cent Ans (1337- 1453)<\/h2>\n<p style=\"text-align: justify;\" align=\"justify\">A la mort d\u2019Hugues XII en 1282, la baronnie passa aux mains de son fils Hugues XIII de Lusignan<\/p>\n<p style=\"text-align: justify;\" align=\"justify\">dont le r\u00e8gne se termina par sa mort lors de la bataille de Courtrai en 1302. Aussi la baronnie \u00e9choua-t-elle entre les mains de son fr\u00e8re Guy qui f\u00fbt le dernier seigneur de Foug\u00e8res \u00e0 part enti\u00e8re de 1303 \u00e0 1307 car il ne p\u00fbt emp\u00eacher Philippe le Bel de s\u2019en emparer. Cependant, le roi autorisa encore la s\u0153ur a\u00een\u00e9e de Guy \u00e0 jouir, sa vie durant, de tous les biens de sa famille, y comprit de la baronnie de Foug\u00e8res. Elle mourut en 1314, apr\u00e8s quoi, en vertu des nouveaux droits de propri\u00e9taire que s\u2019\u00e9tait arrog\u00e9 le Cap\u00e9tien, la baronnie f\u00fbt int\u00e9gr\u00e9e au domaine royal\u00a0; ce dernier repr\u00e9sent\u00e9 par la maison d\u2019Alen\u00e7on, qui allait pr\u00e9sider aux destin\u00e9es du pays pendant quatorze ans et jusqu&rsquo;\u00e0 la guerre de Cent Ans.<\/p>\n<p style=\"text-align: justify;\" align=\"justify\">En plus des difficult\u00e9s de la guerre de Cent Ans opposant Philippe de Valois, fils de Charles de Valois et cousin germain des derniers Cap\u00e9tiens directs, \u00e0 \u00c9douard III, roi d\u2019Angleterre, fils d&rsquo;\u00c9douard II et \u00e9poux de la fille de Philippe le Bel, Isabelle de France, sur les droits de succession du tr\u00f4ne de France, s\u2019ajoutent les troubles dus \u00e0 la guerre des succession de Bretagne opposant la maison de Blois, alli\u00e9e de la France, et la famille des Montfort alors alli\u00e9e au roi d\u2019Angleterre.<\/p>\n<p style=\"text-align: justify;\" align=\"justify\">Ce dernier devait assurer la tutelle du futur duc Jean IV, ce qui f\u00fbt le pr\u00e9texte pour que les Anglais d\u00e9barquent sur le sol breton. Apr\u00e8s la d\u00e9faite de la couronne de France lors de la bataille de La Roche Derrien en 1347, Charles le Chauve f\u00fbt emmen\u00e9 prisonnier en Angleterre o\u00f9 il resta jusqu\u2019en 1356. Bien que l\u2019arm\u00e9e Fran\u00e7aise connut la victoire lors du Combat des Trente sur la lande Mie-Voie, entre Josselin et Plo\u00ebrmel en 1351, on retiendra \u00e9galement le si\u00e8ge de Rennes par les Anglais d\u2019octobre 1356 \u00e0 juillet 1357, o\u00f9 s\u2019illustra vraiment pour la premi\u00e8re fois Du Guesclin, chevalier encore obscur dont les ruses firent merveille pour la d\u00e9livrance de la ville.<\/p>\n<p style=\"text-align: justify;\" align=\"justify\">Enfin, suite \u00e0 la bataille d\u2019Auray en 1364, au cour de laquelle p\u00e9rit Charles de Blois, f\u00fbt sign\u00e9 en 1365 le Trait\u00e9 de Gu\u00e9rande reconnaissant le jeune Jean de Montfort duc de Bretagne (1364- 1399),cela gr\u00e2ce au roi d\u2019Angleterre, son alli\u00e9 depuis toujours. En remerciement de ce soutien, Jean IV livra aux Anglais un grand nombre de places fortes dont la baronnie de Foug\u00e8res. Cette politique qualifi\u00e9e de tra\u00eetrise par Charles V entra\u00eena l\u2019envoi d\u2019une forte exp\u00e9dition en Bretagne, command\u00e9e par Du Guesclin en personne. Ce n\u2019est qu\u2019\u00e0 partir de 1373 que toutes les villes rebelles furent reconquises.<\/p>\n<p style=\"text-align: justify;\" align=\"justify\">Ce n\u2019est qu\u2019en 1428 que la baronnie de Foug\u00e8res revint aux mains du duc Jean V. En effet, celui-ci la racheta au duc Jean II d\u2019Alen\u00e7on, alors captif des Anglais suite \u00e0 la bataille de Verneuil. Ensuite, malgr\u00e9 la violence de la guerre de Cent Ans, Foug\u00e8res allait conna\u00eetre une nouvelle p\u00e9riode importante pour son histoire de par le d\u00e9veloppement de la ville gr\u00e2ce \u00e0 la bourgeoisie fougeraise de plus en plus entreprenante et de plus en plus fortun\u00e9e.<\/p>\n<p style=\"text-align: justify;\" align=\"justify\">Ainsi, d\u00e8s la fin du XIV\u00b0 si\u00e8cle, et tout au long du XV\u00b0 si\u00e8cle, la ville continua de se d\u00e9velopper comme s\u2019il importait de se d\u00e9p\u00eacher afin de gagner du temps sur une guerre environnante.<\/p>\n<p style=\"text-align: justify;\">C\u2019est pourquoi, l\u2019enceinte urbaine f\u00fbt parachev\u00e9e dans ses grandes lignes en se greffant directement au ch\u00e2teau. De plus, l\u2019\u00e9conomie florissante de la ville permit aux bourgeois de construire un magnifique beffroi, le premier jamais construit en Bretagne, utile pour annoncer les heures de la journ\u00e9e mais \u00e9galement, pour mieux surveiller le pays de Foug\u00e8res. Ce beffroi, situ\u00e9 en haute ville face au ch\u00e2teau, traduisait le prestige montant de la bourgeoisie locale en position de s\u2019administrer elle-m\u00eame, ce qui pour l\u2019\u00e9poque, repr\u00e9sentait comme un d\u00e9fi \u00e0 l\u2019autorit\u00e9 seigneuriale.<\/p>\n<h2>Dans l&rsquo;Histoire de France<\/h2>\n<p style=\"text-align: justify;\" align=\"justify\">De Rennes \u00e0 Saint-Malo, de Vitr\u00e9 \u00e0 Laval<\/p>\n<p style=\"text-align: justify;\" align=\"justify\">en passant par nos petites routes de campagne, Foug\u00e8res est annonc\u00e9e comme \u00e9tant une ville m\u00e9di\u00e9vale de mille ans d\u2019histoire car on peut y voir une multitude de monuments datant de cette \u00e9poque mal per\u00e7ue que peut \u00eatre le Moyen-\u00e2ge. Ainsi, une multitude de Fougerais se reconnaissent dans ces \u00e9difices construits \u00e0 la gloire de la ville. Bien que l\u2019on sache que les premi\u00e8res traces de vie de ce qui deviendra la baronnie de Foug\u00e8res remontent au n\u00e9olithique, il est difficile pour les historiens de dater avec pr\u00e9cision les diff\u00e9rents \u00e9v\u00e8nements perturbant cette installation humaine.<\/p>\n<p align=\"justify\">On sait cependant que cette installation prosp\u00e9ra suffisamment longtemps pour y voir implanter, d\u00e8s le XI\u00b0 si\u00e8cle, une motte f\u00e9odale dont il ne reste que les traces de fondation creus\u00e9es \u00e0 m\u00eame le rocher, du premier ch\u00e2teau de bois.<\/p>\n<p align=\"justify\">Cependant, c\u2019est au XII\u00b0 si\u00e8cle que Foug\u00e8res connue de plus en plus d\u2019importance car, cette cit\u00e9 m\u00e9di\u00e9vale allait conna\u00eetre des \u00e9v\u00e8nements sans pr\u00e9c\u00e9dents dans l\u2019histoire de Bretagne.<\/p>\n<h2>Des Marches de Bretagne \u00e0 la notion de Fronti\u00e8re<\/h2>\n<p style=\"text-align: justify;\" align=\"justify\">C\u2019est au d\u00e9but du VIe si\u00e8cles, \u00e0 cause de l\u2019implantation de plus en plus massive de Bretons et de leur volont\u00e9 de s\u2019\u00e9tendre vers l\u2019Est de leur zone d\u2019influence, que f\u00fbt cr\u00e9\u00e9,<\/p>\n<p style=\"text-align: justify;\" align=\"justify\">suite \u00e0 la construction par les M\u00e9rovingiens de multiples points d\u2019appui, postes d\u2019observation ou place de refuge, un territoire tampon ayant pour but de contenir l\u2019ennemi.<\/p>\n<p style=\"text-align: justify;\" align=\"justify\">Cette zone tampon s\u2019\u00e9tendait sur une large partie de l\u2019est Armoricain de part et d\u2019autre du bassin de la Vilaine, puis s\u2019\u00e9tendait sur le pays de Rennes, Nantes et Vannes alors que vers le Sud, elle s\u2019arr\u00eatait au niveau de la Loire ce qui permit aux M\u00e9rovingiens de contr\u00f4ler les diff\u00e9rents axes de communication, telles les voies d\u2019Angers \u00e0 Carhaix, d\u2019Avranches \u00e0 Nantes, de Rennes \u00e0 Angers, de Nantes \u00e0 Poitiers etc.<\/p>\n<p style=\"text-align: justify;\" align=\"justify\">De cette \u00a0\u00bb\u00a0Marche M\u00e9rovingienne\u00a0\u00ab\u00a0, il ne reste que peu de sources dont la plupart sont de nature arch\u00e9ologiques, ou toponymique. Ainsi, une trentaine de localit\u00e9s tout autour, et m\u00eame \u00e0 l\u2019int\u00e9rieur de la Bretagne, font r\u00e9f\u00e9rence au terme de \u00a0\u00bb\u00a0guerche\u00a0\u00a0\u00bb et sont situ\u00e9es vers l\u2019Ouest pour contrer les Bretons, et au Sud, pour lutter contre les Wisigoths.<\/p>\n<p style=\"text-align: justify;\" align=\"justify\">A la fin du VIII\u00b0 si\u00e8cle, Charlemagne, pour am\u00e9liore son syst\u00e8me d\u00e9fensif et d\u2019attaque contre ses opposants cr\u00e9a, tout au long des fronti\u00e8res de son royaume et pour maintenir les peuples nouvellement domin\u00e9s, organisa de multiple zones dites de \u00a0\u00bb\u00a0Marches\u00a0\u00a0\u00bb tel les Marches d\u2019Espagne, les Marches de B\u00e9n\u00e9vent et, bien entendu, les Marches de Bretagne (mentionn\u00e9e pour la premi\u00e8re fois en 778) qui comprenaient les comt\u00e9s de Rennes, Vannes et Nantes ainsi que le Craonnais.<\/p>\n<p style=\"text-align: justify;\" align=\"justify\">A la t\u00eate de cette conscription militaire se tenait le Marquis, le \u00a0\u00bb\u00a0Margrave\u00a0\u00a0\u00bb ou encore \u00a0\u00bb\u00a0le Pr\u00e9fet des Marches\u00a0\u00a0\u00bb dont le plus connu est le neveu de l\u2019Empereur lui-m\u00eame, Roland de Roncevaux, pr\u00e9fet des Marches de Bretagne. Ils avaient pour mission de surveiller les populations domin\u00e9es et de les r\u00e9primer par des exp\u00e9ditions punitives en cas de sursaut d\u2019humeur.<\/p>\n<p style=\"text-align: justify;\" align=\"justify\">Cependant, ce territoire des marches de Bretagne subit de nombreuses mutations dues \u00e0 diff\u00e9rents facteurs. Tout d\u2019abord, vers 830, un Breton f\u00fbt nomm\u00e9 pour gouverner la Marche, afin de favoriser son int\u00e9gration dans l\u2019univers Carolingien. Cela permit \u00e0 la Bretagne de porter en elle un\u00a0\u00bb\u00a0sentiment national Breton\u00a0\u00a0\u00bb attribu\u00e9e, \u00e0 tord ou \u00e0 raison, \u00e0 Nomino\u00eb et \u00e0 ses successeurs. De plus, suite aux nouveaux rapports de force entre chefs Bretons et chefs Francs, dus aux deux d\u00e9faites de Charles le Chauve lors des batailles de Ballon et Jengland-Besl\u00e9, un Etat Breton v\u00eet le jour vers 845.<\/p>\n<p style=\"text-align: justify;\" align=\"justify\">Cependant, c\u2019est \u00e0 la fin du XI\u00b0 si\u00e8cle que le royaume Breton, qui se compose d\u2019une partie de la Normandie, du Maine, de l\u2019Anjou et du Poitou, inclut les Marches de Bretagne. L\u2019influence des villes des Marches de Bretagne sera limit\u00e9e \u00e0 l\u2019Est \u00e0 cause des villes de Normandie et d\u2019Anjou, mais elle sera renforc\u00e9e au Sud de la Loire avec l\u2019annexion du pays de Rais qui renforcera le comt\u00e9 de Nantes.<\/p>\n<p style=\"text-align: justify;\" align=\"justify\">Apr\u00e8s de nombreux tumultes entre les diff\u00e9rents peuples, et leur installation dans des ch\u00e2teaux forts de pierre au XII\u00b0 si\u00e8cle, que les notions de Marches et de fronti\u00e8res commenc\u00e8rent \u00e0 se confondre. En effet, l\u2019encellulement des hommes et le meilleur contr\u00f4le des diff\u00e9rents axes de communication renforcent l\u2019influence des diff\u00e9rentes Maison de Bretagne, de Normandie etc. et limitent les diff\u00e9rents \u00e9changes\u00a0; l\u2019espace est alors per\u00e7u comme Fronti\u00e8re et non plus comme Marches.<\/p>\n<p style=\"text-align: justify;\" align=\"justify\">Dans ce contexte, la ville de Foug\u00e8res se trouvait \u00eatre une place forte importante car elle contr\u00f4lait, de par sa position g\u00e9ographique et son ch\u00e2teau fort, chef lieu de la baronnie, les axes de communication en direction de la Normandie, du Maine et de l\u2019Anjou. Cependant, bien que le ch\u00e2teau eut jou\u00e9 un r\u00f4le important dans le contr\u00f4le des axes de communications, il n\u2019en reste pas moins qu\u2019il est surtout significatif des diff\u00e9rents rapports entre les hommes et de la notion de f\u00e9odalit\u00e9 qui en r\u00e9sultent.<\/p>\n<p>Plus grand ch\u00e2teau m\u00e9di\u00e9val d\u2019Europe \u00bb, notre bon ch\u00e2teau de Foug\u00e8res impose sa puissance et son \u00e9l\u00e9gance.<\/p>\n<h4 align=\"justify\">premi\u00e8re marque de cette opposition est spatiale. Le ch\u00e2teau, si\u00e8ge du pouvoir seigneurial, se situe en fond de vall\u00e9e, dans une zone tr\u00e8s mar\u00e9cageuse,<\/h4>\n<h4 align=\"justify\">ce qui offrait une protection en plus pour la d\u00e9fense des populations et des int\u00e9r\u00eats seigneuriaux. De plus, la pr\u00e9sence du Nan\u00e7on faisait que les lieux \u00e9taient beaucoup plus propices au d\u00e9veloppement des m\u00e9tiers de l\u2019artisanat. C\u2019est pourquoi, lors du d\u00e9veloppement de la ville, les quartiers du Bourgvieil et du Bourgneuf se sont principalement d\u00e9velopp\u00e9 sur les hauteurs de la ville.<\/h4>\n","protected":false},"excerpt":{"rendered":"<p>La \u00ab\u00a0Nuit de Surienne\u00a0\u00bb\u00a0 entre le 24 et 25 mars 1449 Le roi d\u2019Angleterre, voyant de plus en plus s\u2019\u00e9loigner la perceptive d\u2019un renouvellement d\u2019alliance avec Fran\u00e7ois Ier de Bretagne, qui \u00e9tait plut\u00f4t favorable au roi de France Charles VII, organisa d\u00e8s 1446, une op\u00e9ration minutieuse visant \u00e0 prendre la baronnie de Foug\u00e8res en vue [&hellip;]<\/p>\n","protected":false},"author":1,"featured_media":0,"parent":0,"menu_order":0,"comment_status":"closed","ping_status":"closed","template":"","meta":{"footnotes":""},"class_list":["post-13137","page","type-page","status-publish","hentry"],"jetpack_sharing_enabled":true,"_links":{"self":[{"href":"https:\/\/lesfousgerent.fr\/index.php\/wp-json\/wp\/v2\/pages\/13137","targetHints":{"allow":["GET"]}}],"collection":[{"href":"https:\/\/lesfousgerent.fr\/index.php\/wp-json\/wp\/v2\/pages"}],"about":[{"href":"https:\/\/lesfousgerent.fr\/index.php\/wp-json\/wp\/v2\/types\/page"}],"author":[{"embeddable":true,"href":"https:\/\/lesfousgerent.fr\/index.php\/wp-json\/wp\/v2\/users\/1"}],"replies":[{"embeddable":true,"href":"https:\/\/lesfousgerent.fr\/index.php\/wp-json\/wp\/v2\/comments?post=13137"}],"version-history":[{"count":4,"href":"https:\/\/lesfousgerent.fr\/index.php\/wp-json\/wp\/v2\/pages\/13137\/revisions"}],"predecessor-version":[{"id":14554,"href":"https:\/\/lesfousgerent.fr\/index.php\/wp-json\/wp\/v2\/pages\/13137\/revisions\/14554"}],"wp:attachment":[{"href":"https:\/\/lesfousgerent.fr\/index.php\/wp-json\/wp\/v2\/media?parent=13137"}],"curies":[{"name":"wp","href":"https:\/\/api.w.org\/{rel}","templated":true}]}}