{"id":13109,"date":"2016-03-08T16:40:41","date_gmt":"2016-03-08T15:40:41","guid":{"rendered":"http:\/\/lesfousgerent.fr\/?page_id=13109"},"modified":"2023-04-26T20:53:38","modified_gmt":"2023-04-26T18:53:38","slug":"le-chateau","status":"publish","type":"page","link":"https:\/\/lesfousgerent.fr\/index.php\/le-chateau\/","title":{"rendered":"Le Chateau"},"content":{"rendered":"<h2 style=\"text-align: justify;\">\u00a0\u00ab\u00a0Plus grand ch\u00e2teau m\u00e9di\u00e9val d&rsquo;Europe\u00a0\u00bb, notre bon ch\u00e2teau de Foug\u00e8res impose sa puissance et son \u00e9l\u00e9gance.<\/h2>\n<h2 class=\"contentheading\">la Poterne<\/h2>\n<p align=\"justify\">Rajout\u00e9e apr\u00e8s 1449, <span style=\"color: #0000ff;\">la Poterne<\/span> se pr\u00e9sente sous la forme d\u2019un triangle situ\u00e9 \u00e0 l\u2019extr\u00e9mit\u00e9 Ouest de l\u2019enceinte principale. Aussi comporte-elle des \u00e9l\u00e9ments bien distincts\u00a0:<\/p>\n<p align=\"justify\">Deux courtines\u00a0: l\u2019une partant de la tour M\u00e9lusine, l\u2019autre des Gobelins<\/p>\n<p align=\"justify\">La tour dite d\u2019Amboise, femme du duc Pierre II, baron de Foug\u00e8res de 1442 \u00e0 1456, form\u00e9e de deux tourelles pos\u00e9es en encorbellement sur une base massive et impressionnante de solidit\u00e9.<\/p>\n<p style=\"text-align: justify;\">La porte, proprement dite, aujourd\u2019hui ouverte sur le vide, suspendue \u00e0 une dizaine de m\u00e8tres du sol. Jusqu\u2019au XVIII\u00b0 si\u00e8cle, elle \u00e9tait reli\u00e9e par un pont-levis \u00e0 un autre ouvrage en forme de \u00a0\u00bb\u00a0gros \u0153uf\u00a0\u00a0\u00bb ou \u00a0\u00bb\u00a0demi-lune\u00a0\u00a0\u00bb faisant office de barbacane et compl\u00e8tement disparut aujourd\u2019hui.<\/p>\n<h2>Les tours Surienne et Raoul<\/h2>\n<p style=\"text-align: justify;\" align=\"justify\">La tour Surienne ainsi que la tour Raoul, r\u00e9sultent des important travaux command\u00e9s par le duc Fran\u00e7ois Ier de Bretagne dans le courant des ann\u00e9es 1480, afin de renforcer la grande courtine Sud-ouest.<\/p>\n<p style=\"text-align: justify;\" align=\"justify\">Ces tours sont le symbole d\u2019une v\u00e9ritable merveille de l\u2019adaptation militaire \u00e0 l\u2019artillerie d\u00e9fensive, d\u2019o\u00f9 leur construction en \u00a0\u00bb\u00a0fer \u00e0 cheval\u00a0\u00a0\u00bb comme \u00e0 Nantes, Clisson etc. Les murs son d\u2019une \u00e9paisseur de 7 m. \u00e0 la base, d\u2019une hauteur de 20 m. pour un diam\u00e8tre de 20 m. Elles se compose de cinq \u00e9tages et sont surmont\u00e9es d\u2019une tourelle de garde ainsi que d\u2019une plate-forme \u00e0 canon.<\/p>\n<p style=\"text-align: justify;\">Cette r\u00e9alisation s\u2019av\u00e9ra tr\u00e8s co\u00fbteuse et compl\u00e8tement inutile face \u00e0 l\u2019imparable d\u00e9ploiement des forces fran\u00e7aises \u00e0 compter de 1488, date \u00e0 laquelle s\u2019ach\u00e8ve l\u2019ind\u00e9pendance bretonne.<\/p>\n<p style=\"text-align: justify;\">A l\u2019int\u00e9rieur de l\u2019enceinte principale et au sommet du rocher, f\u00fbt construit un r\u00e9duit qui, avec les tours M\u00e9lusine, des Gobelins et de la Poterne, comme \u00a0\u00bb\u00a0un ch\u00e2teau dans le ch\u00e2teau\u00a0\u00ab\u00a0. Partie supr\u00eame de la d\u00e9fense ou ultime point de refuge, il pouvait jouer ces deux r\u00f4les \u00e0 la fois\u00a0; ou ind\u00e9pendamment de l\u2019autre.<\/p>\n<h2>l\u2019Avanc\u00e9e<\/h2>\n<p style=\"text-align: justify;\">En tant que telle, l\u2019Avanc\u00e9e est l\u2019un des premiers d\u2019une s\u00e9rie d\u2019ouvrages fortifi\u00e9s, destin\u00e9s \u00e0 d\u00e9fendre l\u2019entr\u00e9e du ch\u00e2teau en pr\u00e9sentant toutes les caract\u00e9ristiques de l\u2019architecture militaire du XIII\u00b0 si\u00e8cle.<\/p>\n<p style=\"text-align: justify;\">Cet \u00e9difice, aux dimensions relativement modestes, poss\u00e8de des meurtri\u00e8res tr\u00e8s \u00e9troite et longues \u00e0 l\u2019ext\u00e9rieur, embras\u00e9es \u00e0 l\u2019int\u00e9rieur de la mani\u00e8re la plus classique qui soit.<\/p>\n<p style=\"text-align: justify;\">De plus, son entr\u00e9e est prot\u00e9g\u00e9e par deux herses et pr\u00e9c\u00e9d\u00e9e d\u2019un foss\u00e9 surplomb\u00e9 d\u2019une passerelle amovible (remplac\u00e9e plus tard par un pont de pierre). Enfin, bien qu\u2019il en reste peu de traces, au sommet des murs se trouvaient des merlons, des cr\u00e9neaux, des m\u00e2chicoulis etc.<\/p>\n<h2>La Tour des Gobelins<\/h2>\n<p style=\"text-align: justify;\">La tour des Gobelins est de forme tronconique et d\u2019allure encore un peu archa\u00efque\u00a0;<\/p>\n<p style=\"text-align: justify;\">Elle date de la fin du XII\u00b0 ou du d\u00e9but du XIII\u00b0 si\u00e8cle. D\u00e8s cette \u00e9poque, elle joua le r\u00f4le de donjon fich\u00e9 sur l\u2019un des point les plus inaccessibles et les mieux d\u00e9fendus par les conditions du site\u00a0: environ 27 m. de hauteur, 3,50 m. d\u2019\u00e9paisseur \u00e0 la base\u00a0; cinq niveaux dont un sous-sol et quatre \u00e9tages s\u00e9par\u00e9s par des planchers de bois\u2026<\/p>\n<h2>La Tour M\u00e9lusine<\/h2>\n<p style=\"text-align: justify;\" align=\"justify\">La tour M\u00e9lusine est la plus belle tour du ch\u00e2teau\u00a0: ses fondations jet\u00e9e vers 1300 par la famille des Lusignan, alors seigneur de Foug\u00e8res (1256-1314) et dont la f\u00e9e M\u00e9lusine \u00e9tait le symbole.<\/p>\n<p style=\"text-align: justify;\" align=\"justify\">Sa base est tr\u00e8s remarquablement appareill\u00e9e, reposant directement sur le roc et donnant \u00e0 l\u2019\u00e9difice toute l\u2019assise n\u00e9cessaire, sans parler de la quasi impossibilit\u00e9 d\u2019y pratiquer des travaux de sape en cas d\u2019attaque.<\/p>\n<p style=\"text-align: justify;\">Au dessus de son talus, la tour est parfaitement cylindrique et sa construction tr\u00e8s soign\u00e9e\u00a0: moellon de schiste corn\u00e9en bien appareill\u00e9s et, \u00e0 intervalle r\u00e9guliers, cha\u00eenage de granite en belle pierre de taille. La tour M\u00e9lusine poss\u00e8de un diam\u00e8tre ext\u00e9rieur de 13 m\u00a0; avec des murs d\u2019une \u00e9paisseur de 3 m.60, et est haute de 30 m. Enfin, cette tour de quatre \u00e9tages planch\u00e9i\u00e9s reli\u00e9s par un magnifique escalier \u00e0 vis en pierre.<\/p>\n<p>la premi\u00e8re marque de cette opposition est spatiale. Le ch\u00e2teau, si\u00e8ge du pouvoir seigneurial, se situe en fond de vall\u00e9e, dans une zone tr\u00e8s mar\u00e9cageuse,<\/p>\n<h4 align=\"justify\">ce qui offrait une protection en plus pour la d\u00e9fense des populations et des int\u00e9r\u00eats seigneuriaux. De plus, la pr\u00e9sence du Nan\u00e7on faisait que les lieux \u00e9taient beaucoup plus propices au d\u00e9veloppement des m\u00e9tiers de l\u2019artisanat. C\u2019est pourquoi, lors du d\u00e9veloppement de la ville, les quartiers du Bourgvieil et du Bourgneuf se sont principalement d\u00e9velopp\u00e9 sur les hauteurs de la ville.<\/h4>\n<h4 data-fontsize=\"21\" data-lineheight=\"27\"><\/h4>\n<p>[<\/p>\n","protected":false},"excerpt":{"rendered":"<p>\u00a0\u00ab\u00a0Plus grand ch\u00e2teau m\u00e9di\u00e9val d&rsquo;Europe\u00a0\u00bb, notre bon ch\u00e2teau de Foug\u00e8res impose sa puissance et son \u00e9l\u00e9gance. la Poterne Rajout\u00e9e apr\u00e8s 1449, la Poterne se pr\u00e9sente sous la forme d\u2019un triangle situ\u00e9 \u00e0 l\u2019extr\u00e9mit\u00e9 Ouest de l\u2019enceinte principale. Aussi comporte-elle des \u00e9l\u00e9ments bien distincts\u00a0: Deux courtines\u00a0: l\u2019une partant de la tour M\u00e9lusine, l\u2019autre des Gobelins La [&hellip;]<\/p>\n","protected":false},"author":1,"featured_media":0,"parent":0,"menu_order":0,"comment_status":"closed","ping_status":"closed","template":"","meta":{"footnotes":""},"class_list":["post-13109","page","type-page","status-publish","hentry"],"jetpack_sharing_enabled":true,"_links":{"self":[{"href":"https:\/\/lesfousgerent.fr\/index.php\/wp-json\/wp\/v2\/pages\/13109","targetHints":{"allow":["GET"]}}],"collection":[{"href":"https:\/\/lesfousgerent.fr\/index.php\/wp-json\/wp\/v2\/pages"}],"about":[{"href":"https:\/\/lesfousgerent.fr\/index.php\/wp-json\/wp\/v2\/types\/page"}],"author":[{"embeddable":true,"href":"https:\/\/lesfousgerent.fr\/index.php\/wp-json\/wp\/v2\/users\/1"}],"replies":[{"embeddable":true,"href":"https:\/\/lesfousgerent.fr\/index.php\/wp-json\/wp\/v2\/comments?post=13109"}],"version-history":[{"count":1,"href":"https:\/\/lesfousgerent.fr\/index.php\/wp-json\/wp\/v2\/pages\/13109\/revisions"}],"predecessor-version":[{"id":14542,"href":"https:\/\/lesfousgerent.fr\/index.php\/wp-json\/wp\/v2\/pages\/13109\/revisions\/14542"}],"wp:attachment":[{"href":"https:\/\/lesfousgerent.fr\/index.php\/wp-json\/wp\/v2\/media?parent=13109"}],"curies":[{"name":"wp","href":"https:\/\/api.w.org\/{rel}","templated":true}]}}