{"id":13079,"date":"2016-03-08T15:19:39","date_gmt":"2016-03-08T14:19:39","guid":{"rendered":"http:\/\/lesfousgerent.fr\/?page_id=13079"},"modified":"2023-04-25T19:59:23","modified_gmt":"2023-04-25T17:59:23","slug":"danse","status":"publish","type":"page","link":"https:\/\/lesfousgerent.fr\/index.php\/danse\/","title":{"rendered":"Danse"},"content":{"rendered":"<h4>Un atelier festif et rythm\u00e9 par les musiques anciennes :<\/h4>\n<ul>\n<li>Initiations et apprentissages<\/li>\n<li>Perfectionnements dans la bonne humeur<\/li>\n<li>Rencontres et stages avec d&rsquo;autres troupes sp\u00e9cialis\u00e9es comme La Saltarelle (Cesson-S\u00e9vign\u00e9)<\/li>\n<li>Montrer la pratique aux n\u00e9ophytes lors d&rsquo;animations ext\u00e9rieures<\/li>\n<li><strong>Salle Raoul II. Bvd Jacques Faucheux<\/strong><\/li>\n<li><strong><span style=\"color: #000000;\">Jeudi 18h \u2013 20h<\/span><\/strong><\/li>\n<\/ul>\n<h2 style=\"text-align: justify;\"><span style=\"color: #000000;\">\u00a0<\/span><\/h2>\n","protected":false},"excerpt":{"rendered":"<p>Un atelier festif et rythm\u00e9 par les musiques anciennes : Initiations et apprentissages Perfectionnements dans la bonne humeur Rencontres et stages avec d&rsquo;autres troupes sp\u00e9cialis\u00e9es comme La Saltarelle (Cesson-S\u00e9vign\u00e9) Montrer la pratique aux n\u00e9ophytes lors d&rsquo;animations ext\u00e9rieures Salle Raoul II. Bvd Jacques Faucheux Jeudi 18h \u2013 20h \u00a0<\/p>\n","protected":false},"author":1,"featured_media":13550,"parent":0,"menu_order":0,"comment_status":"closed","ping_status":"closed","template":"","meta":{"footnotes":""},"class_list":["post-13079","page","type-page","status-publish","has-post-thumbnail","hentry"],"jetpack_sharing_enabled":true,"_links":{"self":[{"href":"https:\/\/lesfousgerent.fr\/index.php\/wp-json\/wp\/v2\/pages\/13079","targetHints":{"allow":["GET"]}}],"collection":[{"href":"https:\/\/lesfousgerent.fr\/index.php\/wp-json\/wp\/v2\/pages"}],"about":[{"href":"https:\/\/lesfousgerent.fr\/index.php\/wp-json\/wp\/v2\/types\/page"}],"author":[{"embeddable":true,"href":"https:\/\/lesfousgerent.fr\/index.php\/wp-json\/wp\/v2\/users\/1"}],"replies":[{"embeddable":true,"href":"https:\/\/lesfousgerent.fr\/index.php\/wp-json\/wp\/v2\/comments?post=13079"}],"version-history":[{"count":1,"href":"https:\/\/lesfousgerent.fr\/index.php\/wp-json\/wp\/v2\/pages\/13079\/revisions"}],"predecessor-version":[{"id":14478,"href":"https:\/\/lesfousgerent.fr\/index.php\/wp-json\/wp\/v2\/pages\/13079\/revisions\/14478"}],"wp:featuredmedia":[{"embeddable":true,"href":"https:\/\/lesfousgerent.fr\/index.php\/wp-json\/"}],"wp:attachment":[{"href":"https:\/\/lesfousgerent.fr\/index.php\/wp-json\/wp\/v2\/media?parent=13079"}],"curies":[{"name":"wp","href":"https:\/\/api.w.org\/{rel}","templated":true}]}}