{"id":13030,"date":"2016-02-26T13:55:54","date_gmt":"2016-02-26T12:55:54","guid":{"rendered":"http:\/\/lesfousgerent.fr\/?page_id=13030"},"modified":"2023-04-25T19:58:29","modified_gmt":"2023-04-25T17:58:29","slug":"cuisine-et-epices","status":"publish","type":"page","link":"https:\/\/lesfousgerent.fr\/index.php\/cuisine-et-epices\/","title":{"rendered":"Cuisine et \u00e9pices"},"content":{"rendered":"<h4 style=\"text-align: justify;\">Dame Jacqueline anime notre atelier cuisine avec\u00a0un tournemain d&rsquo;artiste\u00a0et les recettes d&rsquo;\u00e9poque.<\/h4>\n<ul>\n<li style=\"list-style-type: none;\">\n<ul>\n<li style=\"list-style-type: none;\">\n<ul>\n<li>R\u00e9alisation d&rsquo;un menu.<\/li>\n<li>Partage convivial.<\/li>\n<li>Chacun repart avec un plat.<\/li>\n<li>\u00c9change de pratiques et de recettes.<\/li>\n<li>Apprentissage des \u00e9pices et condiments.<\/li>\n<li><strong>Centre Social de Foug\u00e8res (bvd de Groslay)<\/strong><\/li>\n<li><strong><span style=\"color: #000000;\">3e vendredi du mois<\/span><\/strong><\/li>\n<\/ul>\n<\/li>\n<\/ul>\n<\/li>\n<\/ul>\n","protected":false},"excerpt":{"rendered":"<p>Dame Jacqueline anime notre atelier cuisine avec\u00a0un tournemain d&rsquo;artiste\u00a0et les recettes d&rsquo;\u00e9poque. R\u00e9alisation d&rsquo;un menu. Partage convivial. Chacun repart avec un plat. \u00c9change de pratiques et de recettes. Apprentissage des \u00e9pices et condiments. Centre Social de Foug\u00e8res (bvd de Groslay) 3e vendredi du mois<\/p>\n","protected":false},"author":1,"featured_media":13558,"parent":0,"menu_order":0,"comment_status":"closed","ping_status":"closed","template":"","meta":{"footnotes":""},"class_list":["post-13030","page","type-page","status-publish","has-post-thumbnail","hentry"],"jetpack_sharing_enabled":true,"_links":{"self":[{"href":"https:\/\/lesfousgerent.fr\/index.php\/wp-json\/wp\/v2\/pages\/13030","targetHints":{"allow":["GET"]}}],"collection":[{"href":"https:\/\/lesfousgerent.fr\/index.php\/wp-json\/wp\/v2\/pages"}],"about":[{"href":"https:\/\/lesfousgerent.fr\/index.php\/wp-json\/wp\/v2\/types\/page"}],"author":[{"embeddable":true,"href":"https:\/\/lesfousgerent.fr\/index.php\/wp-json\/wp\/v2\/users\/1"}],"replies":[{"embeddable":true,"href":"https:\/\/lesfousgerent.fr\/index.php\/wp-json\/wp\/v2\/comments?post=13030"}],"version-history":[{"count":2,"href":"https:\/\/lesfousgerent.fr\/index.php\/wp-json\/wp\/v2\/pages\/13030\/revisions"}],"predecessor-version":[{"id":14477,"href":"https:\/\/lesfousgerent.fr\/index.php\/wp-json\/wp\/v2\/pages\/13030\/revisions\/14477"}],"wp:featuredmedia":[{"embeddable":true,"href":"https:\/\/lesfousgerent.fr\/index.php\/wp-json\/"}],"wp:attachment":[{"href":"https:\/\/lesfousgerent.fr\/index.php\/wp-json\/wp\/v2\/media?parent=13030"}],"curies":[{"name":"wp","href":"https:\/\/api.w.org\/{rel}","templated":true}]}}